{"id":2,"date":"2021-01-10T11:36:47","date_gmt":"2021-01-10T11:36:47","guid":{"rendered":"https:\/\/beta.dataliner.ee\/?page_id=2"},"modified":"2023-01-23T12:31:26","modified_gmt":"2023-01-23T12:31:26","slug":"sample-page","status":"publish","type":"page","link":"https:\/\/beta.dataliner.ee\/?page_id=2","title":{"rendered":"Firmast"},"content":{"rendered":"\r\n<p>Dataliner O\u00dc on garaa\u017eiseadmeid ja pleki- ning s\u00f5iduautode keret\u00f6\u00f6de koolitusi pakkuv ettev\u00f5te mis on Eestis tegutsenud ligi 30 aastat. K\u00f5ikidel Dataliner O\u00dc t\u00f6\u00f6tajatel on kogemus plekit\u00f6\u00f6de ja auto remondi valdkonnas. Meie pikaaegne kogemus garanteerib m\u00fc\u00fcdavate seadmete t\u00f6\u00f6kindluse ja kvaliteedi.<\/p>\r\n<ul>\r\n<li><b>Me pakume konsuldatsioone nii t\u00f6\u00f6riistade valimisel kui ka t\u00f6\u00f6kodade t\u00e4islahendusi<\/b><\/li>\r\n<li><b>Pakume koolitusi nii keret\u00f6\u00f6de kui ka seadmete kasutamise osas<\/b><\/li>\r\n<li><b>Pakume pikaaegset ja igak\u00fclgset kliendituge ka peale seadme garantii l\u00f5ppu<\/b><\/li>\r\n<li><b>Leiame alati lahenduse teie k\u00fcsimustele<\/b><\/li>\r\n<li><b>Peale toote soetamist viime kliendi juures l\u00e4bi tootekoolituse<\/b><\/li>\r\n<\/ul>\r\n<p><b>Missioon: Pakkuda klientidele innovaatilisi ja ja t\u00f6id lihtsustavaid tooteid.<br \/><\/b><b>Visioon: Pakkudes k\u00f5rgtasemelist kliendituge plaanime t\u00f5usta Eesti juhtivaks garaa\u017eiseadmeid m\u00fc\u00fcvaks ettev\u00f5tteks.<\/b><\/p>\r\n","protected":false},"excerpt":{"rendered":"<p>Dataliner O\u00dc on garaa\u017eiseadmeid ja pleki- ning s\u00f5iduautode keret\u00f6\u00f6de koolitusi [&hellip;]<\/p>\n","protected":false},"author":1,"featured_media":0,"parent":0,"menu_order":0,"comment_status":"closed","ping_status":"open","template":"","meta":{"footnotes":""},"class_list":["post-2","page","type-page","status-publish","hentry"],"yoast_head":"<!-- This site is optimized with the Yoast SEO plugin v20.0 - https:\/\/yoast.com\/wordpress\/plugins\/seo\/ -->\n<title>Firmast - Dataliner<\/title>\n<meta name=\"robots\" content=\"index, follow, max-snippet:-1, max-image-preview:large, max-video-preview:-1\" \/>\n<link rel=\"canonical\" href=\"https:\/\/beta.dataliner.ee\/?page_id=2\" \/>\n<meta property=\"og:locale\" content=\"et_EE\" \/>\n<meta property=\"og:type\" content=\"article\" \/>\n<meta property=\"og:title\" content=\"Firmast - Dataliner\" \/>\n<meta property=\"og:description\" content=\"Dataliner O\u00dc on garaa\u017eiseadmeid ja pleki- ning s\u00f5iduautode keret\u00f6\u00f6de koolitusi [&hellip;]\" \/>\n<meta property=\"og:url\" content=\"https:\/\/beta.dataliner.ee\/?page_id=2\" \/>\n<meta property=\"og:site_name\" content=\"Dataliner\" \/>\n<meta property=\"article:modified_time\" content=\"2023-01-23T12:31:26+00:00\" \/>\n<meta name=\"twitter:card\" content=\"summary_large_image\" \/>\n<meta name=\"twitter:label1\" content=\"Est. reading time\" \/>\n\t<meta name=\"twitter:data1\" content=\"1 minut\" \/>\n<script type=\"application\/ld+json\" class=\"yoast-schema-graph\">{\"@context\":\"https:\/\/schema.org\",\"@graph\":[{\"@type\":\"WebPage\",\"@id\":\"https:\/\/beta.dataliner.ee\/?page_id=2\",\"url\":\"https:\/\/beta.dataliner.ee\/?page_id=2\",\"name\":\"Firmast - Dataliner\",\"isPartOf\":{\"@id\":\"https:\/\/beta.dataliner.ee\/#website\"},\"datePublished\":\"2021-01-10T11:36:47+00:00\",\"dateModified\":\"2023-01-23T12:31:26+00:00\",\"breadcrumb\":{\"@id\":\"https:\/\/beta.dataliner.ee\/?page_id=2#breadcrumb\"},\"inLanguage\":\"et\",\"potentialAction\":[{\"@type\":\"ReadAction\",\"target\":[\"https:\/\/beta.dataliner.ee\/?page_id=2\"]}]},{\"@type\":\"BreadcrumbList\",\"@id\":\"https:\/\/beta.dataliner.ee\/?page_id=2#breadcrumb\",\"itemListElement\":[{\"@type\":\"ListItem\",\"position\":1,\"name\":\"Kodu\",\"item\":\"https:\/\/beta.dataliner.ee\/\"},{\"@type\":\"ListItem\",\"position\":2,\"name\":\"Firmast\"}]},{\"@type\":\"WebSite\",\"@id\":\"https:\/\/beta.dataliner.ee\/#website\",\"url\":\"https:\/\/beta.dataliner.ee\/\",\"name\":\"Dataliner\",\"description\":\"\",\"publisher\":{\"@id\":\"https:\/\/beta.dataliner.ee\/#organization\"},\"potentialAction\":[{\"@type\":\"SearchAction\",\"target\":{\"@type\":\"EntryPoint\",\"urlTemplate\":\"https:\/\/beta.dataliner.ee\/?s={search_term_string}\"},\"query-input\":\"required name=search_term_string\"}],\"inLanguage\":\"et\"},{\"@type\":\"Organization\",\"@id\":\"https:\/\/beta.dataliner.ee\/#organization\",\"name\":\"Dataliner\",\"url\":\"https:\/\/beta.dataliner.ee\/\",\"logo\":{\"@type\":\"ImageObject\",\"inLanguage\":\"et\",\"@id\":\"https:\/\/beta.dataliner.ee\/#\/schema\/logo\/image\/\",\"url\":\"https:\/\/beta.dataliner.ee\/wp-content\/uploads\/2022\/01\/cropped-dataliner-logo.png\",\"contentUrl\":\"https:\/\/beta.dataliner.ee\/wp-content\/uploads\/2022\/01\/cropped-dataliner-logo.png\",\"width\":240,\"height\":102,\"caption\":\"Dataliner\"},\"image\":{\"@id\":\"https:\/\/beta.dataliner.ee\/#\/schema\/logo\/image\/\"}}]}<\/script>\n<!-- \/ Yoast SEO plugin. -->","yoast_head_json":{"title":"Firmast - Dataliner","robots":{"index":"index","follow":"follow","max-snippet":"max-snippet:-1","max-image-preview":"max-image-preview:large","max-video-preview":"max-video-preview:-1"},"canonical":"https:\/\/beta.dataliner.ee\/?page_id=2","og_locale":"et_EE","og_type":"article","og_title":"Firmast - Dataliner","og_description":"Dataliner O\u00dc on garaa\u017eiseadmeid ja pleki- ning s\u00f5iduautode keret\u00f6\u00f6de koolitusi [&hellip;]","og_url":"https:\/\/beta.dataliner.ee\/?page_id=2","og_site_name":"Dataliner","article_modified_time":"2023-01-23T12:31:26+00:00","twitter_card":"summary_large_image","twitter_misc":{"Est. reading time":"1 minut"},"schema":{"@context":"https:\/\/schema.org","@graph":[{"@type":"WebPage","@id":"https:\/\/beta.dataliner.ee\/?page_id=2","url":"https:\/\/beta.dataliner.ee\/?page_id=2","name":"Firmast - Dataliner","isPartOf":{"@id":"https:\/\/beta.dataliner.ee\/#website"},"datePublished":"2021-01-10T11:36:47+00:00","dateModified":"2023-01-23T12:31:26+00:00","breadcrumb":{"@id":"https:\/\/beta.dataliner.ee\/?page_id=2#breadcrumb"},"inLanguage":"et","potentialAction":[{"@type":"ReadAction","target":["https:\/\/beta.dataliner.ee\/?page_id=2"]}]},{"@type":"BreadcrumbList","@id":"https:\/\/beta.dataliner.ee\/?page_id=2#breadcrumb","itemListElement":[{"@type":"ListItem","position":1,"name":"Kodu","item":"https:\/\/beta.dataliner.ee\/"},{"@type":"ListItem","position":2,"name":"Firmast"}]},{"@type":"WebSite","@id":"https:\/\/beta.dataliner.ee\/#website","url":"https:\/\/beta.dataliner.ee\/","name":"Dataliner","description":"","publisher":{"@id":"https:\/\/beta.dataliner.ee\/#organization"},"potentialAction":[{"@type":"SearchAction","target":{"@type":"EntryPoint","urlTemplate":"https:\/\/beta.dataliner.ee\/?s={search_term_string}"},"query-input":"required name=search_term_string"}],"inLanguage":"et"},{"@type":"Organization","@id":"https:\/\/beta.dataliner.ee\/#organization","name":"Dataliner","url":"https:\/\/beta.dataliner.ee\/","logo":{"@type":"ImageObject","inLanguage":"et","@id":"https:\/\/beta.dataliner.ee\/#\/schema\/logo\/image\/","url":"https:\/\/beta.dataliner.ee\/wp-content\/uploads\/2022\/01\/cropped-dataliner-logo.png","contentUrl":"https:\/\/beta.dataliner.ee\/wp-content\/uploads\/2022\/01\/cropped-dataliner-logo.png","width":240,"height":102,"caption":"Dataliner"},"image":{"@id":"https:\/\/beta.dataliner.ee\/#\/schema\/logo\/image\/"}}]}},"_links":{"self":[{"href":"https:\/\/beta.dataliner.ee\/index.php?rest_route=\/wp\/v2\/pages\/2","targetHints":{"allow":["GET"]}}],"collection":[{"href":"https:\/\/beta.dataliner.ee\/index.php?rest_route=\/wp\/v2\/pages"}],"about":[{"href":"https:\/\/beta.dataliner.ee\/index.php?rest_route=\/wp\/v2\/types\/page"}],"author":[{"embeddable":true,"href":"https:\/\/beta.dataliner.ee\/index.php?rest_route=\/wp\/v2\/users\/1"}],"replies":[{"embeddable":true,"href":"https:\/\/beta.dataliner.ee\/index.php?rest_route=%2Fwp%2Fv2%2Fcomments&post=2"}],"version-history":[{"count":4,"href":"https:\/\/beta.dataliner.ee\/index.php?rest_route=\/wp\/v2\/pages\/2\/revisions"}],"predecessor-version":[{"id":563,"href":"https:\/\/beta.dataliner.ee\/index.php?rest_route=\/wp\/v2\/pages\/2\/revisions\/563"}],"wp:attachment":[{"href":"https:\/\/beta.dataliner.ee\/index.php?rest_route=%2Fwp%2Fv2%2Fmedia&parent=2"}],"curies":[{"name":"wp","href":"https:\/\/api.w.org\/{rel}","templated":true}]}}