{"id":330,"date":"2023-01-03T13:45:08","date_gmt":"2023-01-03T13:45:08","guid":{"rendered":"https:\/\/beta.dataliner.ee\/?page_id=330"},"modified":"2023-01-04T11:31:27","modified_gmt":"2023-01-04T11:31:27","slug":"tootjad","status":"publish","type":"page","link":"https:\/\/beta.dataliner.ee\/?page_id=330","title":{"rendered":"Tootjad"},"content":{"rendered":"<p><div class=\"fusion-fullwidth fullwidth-box fusion-builder-row-1 fusion-flex-container has-pattern-background has-mask-background nonhundred-percent-fullwidth non-hundred-percent-height-scrolling\" style=\"--awb-border-radius-top-left:0px;--awb-border-radius-top-right:0px;--awb-border-radius-bottom-right:0px;--awb-border-radius-bottom-left:0px;\" ><div class=\"fusion-builder-row fusion-row fusion-flex-align-items-flex-start\" style=\"max-width:1248px;margin-left: calc(-4% \/ 2 );margin-right: calc(-4% \/ 2 );\"><div class=\"fusion-layout-column fusion_builder_column fusion-builder-column-0 fusion_builder_column_1_1 1_1 fusion-flex-column fusion-flex-align-self-center\" style=\"--awb-bg-size:cover;--awb-width-large:100%;--awb-spacing-right-large:1.92%;--awb-spacing-left-large:1.92%;--awb-width-medium:100%;--awb-order-medium:0;--awb-spacing-right-medium:1.92%;--awb-spacing-left-medium:1.92%;--awb-width-small:100%;--awb-order-small:0;--awb-spacing-right-small:1.92%;--awb-spacing-left-small:1.92%;\"><div class=\"fusion-column-wrapper fusion-column-has-shadow fusion-flex-justify-content-center fusion-content-layout-column\"><div class=\"fusion-text fusion-text-1\"><h2 style=\"text-align: center;\">Pakume erinevaid k\u00f5rgkvaliteetseid t\u00f6\u00f6riistu nii suur ettev\u00f5tetele kui ka v\u00e4iksematele hobikasutajatele<\/h2>\n<\/div><\/div><\/div><\/div><\/div><div class=\"fusion-fullwidth fullwidth-box fusion-builder-row-2 fusion-flex-container has-pattern-background has-mask-background nonhundred-percent-fullwidth non-hundred-percent-height-scrolling\" style=\"--awb-border-radius-top-left:0px;--awb-border-radius-top-right:0px;--awb-border-radius-bottom-right:0px;--awb-border-radius-bottom-left:0px;\" ><div class=\"fusion-builder-row fusion-row fusion-flex-align-items-flex-start\" style=\"max-width:1248px;margin-left: calc(-4% \/ 2 );margin-right: calc(-4% \/ 2 );\"><div class=\"fusion-layout-column fusion_builder_column fusion-builder-column-1 fusion_builder_column_1_2 1_2 fusion-flex-column fusion-flex-align-self-center\" style=\"--awb-bg-size:cover;--awb-width-large:50%;--awb-spacing-right-large:3.84%;--awb-spacing-left-large:3.84%;--awb-width-medium:50%;--awb-order-medium:0;--awb-spacing-right-medium:3.84%;--awb-spacing-left-medium:3.84%;--awb-width-small:100%;--awb-order-small:0;--awb-spacing-right-small:1.92%;--awb-spacing-left-small:1.92%;\"><div class=\"fusion-column-wrapper fusion-column-has-shadow fusion-flex-justify-content-center fusion-content-layout-column\"><div class=\"fusion-image-element \" style=\"text-align:center;\"><span class=\" fusion-imageframe imageframe-none imageframe-1 hover-type-none\"><img decoding=\"async\" width=\"300\" height=\"191\" title=\"rodac logo\" src=\"https:\/\/beta.dataliner.ee\/wp-content\/uploads\/2023\/01\/rodac-logo-300x191.png\" alt class=\"img-responsive wp-image-331\" srcset=\"https:\/\/beta.dataliner.ee\/wp-content\/uploads\/2023\/01\/rodac-logo-200x127.png 200w, https:\/\/beta.dataliner.ee\/wp-content\/uploads\/2023\/01\/rodac-logo-400x255.png 400w, https:\/\/beta.dataliner.ee\/wp-content\/uploads\/2023\/01\/rodac-logo.png 600w\" sizes=\"(max-width: 640px) 100vw, 300px\" \/><\/span><\/div><div class=\"fusion-separator fusion-full-width-sep\" style=\"align-self: center;margin-left: auto;margin-right: auto;margin-top:20px;margin-bottom:20px;width:100%;\"><\/div><div class=\"fusion-text fusion-text-2\"><p style=\"text-align: center;\">Rodac suudab oma laia valikuga rahuldad ka k\u00f5ige n\u00f5udlikuma kliendi t\u00f6\u00f6riistavajaduse. Rodac pakub laia valikut v\u00f5tmetest kuni \u00f5hut\u00f6\u00f6riistadeni.<\/p>\n<\/div><div class=\"fusion-separator fusion-full-width-sep\" style=\"align-self: center;margin-left: auto;margin-right: auto;margin-top:20px;margin-bottom:20px;width:100%;\"><\/div><div style=\"text-align:center;\"><a class=\"fusion-button button-flat fusion-button-default-size button-default fusion-button-default button-1 fusion-button-default-span fusion-button-default-type\" target=\"_self\" href=\"https:\/\/beta.dataliner.ee\/?page_id=359\"><span class=\"fusion-button-text\">Kataloogid<\/span><\/a><\/div><\/div><\/div><div class=\"fusion-layout-column fusion_builder_column fusion-builder-column-2 fusion_builder_column_1_2 1_2 fusion-flex-column\" style=\"--awb-bg-size:cover;--awb-width-large:50%;--awb-spacing-right-large:3.84%;--awb-spacing-left-large:3.84%;--awb-width-medium:50%;--awb-order-medium:0;--awb-spacing-right-medium:3.84%;--awb-spacing-left-medium:3.84%;--awb-width-small:100%;--awb-order-small:0;--awb-spacing-right-small:1.92%;--awb-spacing-left-small:1.92%;\"><div class=\"fusion-column-wrapper fusion-column-has-shadow fusion-flex-justify-content-flex-start fusion-content-layout-column\"><div class=\"fusion-image-element \" style=\"text-align:center;\"><span class=\" fusion-imageframe imageframe-none imageframe-2 hover-type-none\"><img decoding=\"async\" width=\"300\" height=\"150\" title=\"spanesi\" src=\"https:\/\/beta.dataliner.ee\/wp-content\/uploads\/2023\/01\/spanesi-300x150.jpg\" alt class=\"img-responsive wp-image-337\" srcset=\"https:\/\/beta.dataliner.ee\/wp-content\/uploads\/2023\/01\/spanesi-200x100.jpg 200w, https:\/\/beta.dataliner.ee\/wp-content\/uploads\/2023\/01\/spanesi-400x200.jpg 400w, https:\/\/beta.dataliner.ee\/wp-content\/uploads\/2023\/01\/spanesi-600x300.jpg 600w, https:\/\/beta.dataliner.ee\/wp-content\/uploads\/2023\/01\/spanesi.jpg 800w\" sizes=\"(max-width: 640px) 100vw, 600px\" \/><\/span><\/div><div class=\"fusion-separator fusion-full-width-sep\" style=\"align-self: center;margin-left: auto;margin-right: auto;margin-top:40px;margin-bottom:40px;width:100%;\"><\/div><div class=\"fusion-text fusion-text-3\"><p style=\"text-align: center;\">Spanesi on Itaalia perefirma mis pakub suurel valikul erinevaid kervenituspinke ja t\u00e4ielikult kliendi kohatatud v\u00e4rvikambri lahendusi.<\/p>\n<\/div><div class=\"fusion-separator fusion-full-width-sep\" style=\"align-self: center;margin-left: auto;margin-right: auto;margin-top:40px;margin-bottom:40px;width:100%;\"><\/div><div style=\"text-align:center;\"><a class=\"fusion-button button-flat fusion-button-default-size button-default fusion-button-default button-2 fusion-button-default-span fusion-button-default-type\" target=\"_self\" href=\"https:\/\/beta.dataliner.ee\/?page_id=387\"><span class=\"fusion-button-text\">kataloogid<\/span><\/a><\/div><\/div><\/div><\/div><\/div><div class=\"fusion-fullwidth fullwidth-box fusion-builder-row-3 fusion-flex-container has-pattern-background has-mask-background nonhundred-percent-fullwidth non-hundred-percent-height-scrolling\" style=\"--awb-border-radius-top-left:0px;--awb-border-radius-top-right:0px;--awb-border-radius-bottom-right:0px;--awb-border-radius-bottom-left:0px;\" ><div class=\"fusion-builder-row fusion-row fusion-flex-align-items-flex-start\" style=\"max-width:1248px;margin-left: calc(-4% \/ 2 );margin-right: calc(-4% \/ 2 );\"><div class=\"fusion-layout-column fusion_builder_column fusion-builder-column-3 fusion_builder_column_1_2 1_2 fusion-flex-column\" style=\"--awb-bg-size:cover;--awb-width-large:50%;--awb-spacing-right-large:3.84%;--awb-spacing-left-large:3.84%;--awb-width-medium:50%;--awb-order-medium:0;--awb-spacing-right-medium:3.84%;--awb-spacing-left-medium:3.84%;--awb-width-small:100%;--awb-order-small:0;--awb-spacing-right-small:1.92%;--awb-spacing-left-small:1.92%;\"><div class=\"fusion-column-wrapper fusion-column-has-shadow fusion-flex-justify-content-flex-start fusion-content-layout-column\"><div class=\"fusion-image-element \" style=\"text-align:center;\"><span class=\" fusion-imageframe imageframe-none imageframe-3 hover-type-none\"><img decoding=\"async\" width=\"300\" height=\"278\" title=\"Gys logo4\" src=\"https:\/\/beta.dataliner.ee\/wp-content\/uploads\/2023\/01\/Gys-logo4-300x278.png\" alt class=\"img-responsive wp-image-342\" srcset=\"https:\/\/beta.dataliner.ee\/wp-content\/uploads\/2023\/01\/Gys-logo4-200x186.png 200w, https:\/\/beta.dataliner.ee\/wp-content\/uploads\/2023\/01\/Gys-logo4-400x371.png 400w, https:\/\/beta.dataliner.ee\/wp-content\/uploads\/2023\/01\/Gys-logo4-600x557.png 600w, https:\/\/beta.dataliner.ee\/wp-content\/uploads\/2023\/01\/Gys-logo4.png 666w\" sizes=\"(max-width: 640px) 100vw, 600px\" \/><\/span><\/div><div class=\"fusion-separator fusion-full-width-sep\" style=\"align-self: center;margin-left: auto;margin-right: auto;margin-top:20px;margin-bottom:20px;width:100%;\"><\/div><div class=\"fusion-text fusion-text-4\"><p style=\"text-align: center;\">Gys pakub Suurimal valikul erinevaid keevitusseadmeid ja m\u00f5lgieemaldus t\u00f6\u00f6riistu.<\/p>\n<\/div><div class=\"fusion-separator fusion-full-width-sep\" style=\"align-self: center;margin-left: auto;margin-right: auto;margin-top:20px;margin-bottom:20px;width:100%;\"><\/div><div style=\"text-align:center;\"><a class=\"fusion-button button-flat fusion-button-default-size button-default fusion-button-default button-3 fusion-button-default-span fusion-button-default-type\" target=\"_self\" href=\"https:\/\/beta.dataliner.ee\/?page_id=376\"><span class=\"fusion-button-text\">kataloogid<\/span><\/a><\/div><\/div><\/div><div class=\"fusion-layout-column fusion_builder_column fusion-builder-column-4 fusion_builder_column_1_2 1_2 fusion-flex-column\" style=\"--awb-bg-size:cover;--awb-width-large:50%;--awb-spacing-right-large:3.84%;--awb-spacing-left-large:3.84%;--awb-width-medium:50%;--awb-order-medium:0;--awb-spacing-right-medium:3.84%;--awb-spacing-left-medium:3.84%;--awb-width-small:100%;--awb-order-small:0;--awb-spacing-right-small:1.92%;--awb-spacing-left-small:1.92%;\"><div class=\"fusion-column-wrapper fusion-column-has-shadow fusion-flex-justify-content-flex-start fusion-content-layout-column\"><div class=\"fusion-separator fusion-full-width-sep\" style=\"align-self: center;margin-left: auto;margin-right: auto;margin-top:20px;margin-bottom:20px;width:100%;\"><\/div><div class=\"fusion-image-element \" style=\"text-align:center;\"><span class=\" fusion-imageframe imageframe-none imageframe-4 hover-type-none\"><img decoding=\"async\" width=\"300\" height=\"128\" title=\"dataliner-logo\" src=\"https:\/\/beta.dataliner.ee\/wp-content\/uploads\/2022\/01\/dataliner-logo-300x128.png\" alt class=\"img-responsive wp-image-312\" srcset=\"https:\/\/beta.dataliner.ee\/wp-content\/uploads\/2022\/01\/dataliner-logo-600x256.png 600w, https:\/\/beta.dataliner.ee\/wp-content\/uploads\/2022\/01\/dataliner-logo.png 1066w\" sizes=\"(max-width: 640px) 100vw, 300px\" \/><\/span><\/div><div class=\"fusion-separator fusion-full-width-sep\" style=\"align-self: center;margin-left: auto;margin-right: auto;margin-top:75px;margin-bottom:75px;width:100%;\"><\/div><div class=\"fusion-text fusion-text-5\"><p style=\"text-align: center;\">Endiselt pakume Datalineri kerevenituspinkidele varuosi ja vahendame ka kasutatud kerevenituspinke<\/p>\n<\/div><div class=\"fusion-separator fusion-full-width-sep\" style=\"align-self: center;margin-left: auto;margin-right: auto;margin-top:20px;margin-bottom:20px;width:100%;\"><\/div><div style=\"text-align:center;\"><a class=\"fusion-button button-flat fusion-button-default-size button-default fusion-button-default button-4 fusion-button-default-span fusion-button-default-type\" target=\"_self\" href=\"https:\/\/beta.dataliner.ee\/?page_id=403\"><span class=\"fusion-button-text\">Loe rokem<\/span><\/a><\/div><\/div><\/div><\/div><\/div><\/p>\n","protected":false},"excerpt":{"rendered":"","protected":false},"author":6,"featured_media":0,"parent":0,"menu_order":0,"comment_status":"closed","ping_status":"closed","template":"100-width.php","meta":{"footnotes":""},"class_list":["post-330","page","type-page","status-publish","hentry"],"yoast_head":"<!-- This site is optimized with the Yoast SEO plugin v20.0 - https:\/\/yoast.com\/wordpress\/plugins\/seo\/ -->\n<title>Tootjad - Dataliner<\/title>\n<meta name=\"robots\" content=\"index, follow, max-snippet:-1, max-image-preview:large, max-video-preview:-1\" \/>\n<link rel=\"canonical\" href=\"https:\/\/beta.dataliner.ee\/?page_id=330\" \/>\n<meta property=\"og:locale\" content=\"et_EE\" \/>\n<meta property=\"og:type\" content=\"article\" \/>\n<meta property=\"og:title\" content=\"Tootjad - Dataliner\" \/>\n<meta property=\"og:url\" content=\"https:\/\/beta.dataliner.ee\/?page_id=330\" \/>\n<meta property=\"og:site_name\" content=\"Dataliner\" \/>\n<meta property=\"article:modified_time\" content=\"2023-01-04T11:31:27+00:00\" \/>\n<meta name=\"twitter:card\" content=\"summary_large_image\" \/>\n<meta name=\"twitter:label1\" content=\"Est. reading time\" \/>\n\t<meta name=\"twitter:data1\" content=\"27 minutit\" \/>\n<script type=\"application\/ld+json\" class=\"yoast-schema-graph\">{\"@context\":\"https:\/\/schema.org\",\"@graph\":[{\"@type\":\"WebPage\",\"@id\":\"https:\/\/beta.dataliner.ee\/?page_id=330\",\"url\":\"https:\/\/beta.dataliner.ee\/?page_id=330\",\"name\":\"Tootjad - Dataliner\",\"isPartOf\":{\"@id\":\"https:\/\/beta.dataliner.ee\/#website\"},\"datePublished\":\"2023-01-03T13:45:08+00:00\",\"dateModified\":\"2023-01-04T11:31:27+00:00\",\"breadcrumb\":{\"@id\":\"https:\/\/beta.dataliner.ee\/?page_id=330#breadcrumb\"},\"inLanguage\":\"et\",\"potentialAction\":[{\"@type\":\"ReadAction\",\"target\":[\"https:\/\/beta.dataliner.ee\/?page_id=330\"]}]},{\"@type\":\"BreadcrumbList\",\"@id\":\"https:\/\/beta.dataliner.ee\/?page_id=330#breadcrumb\",\"itemListElement\":[{\"@type\":\"ListItem\",\"position\":1,\"name\":\"Kodu\",\"item\":\"https:\/\/beta.dataliner.ee\/\"},{\"@type\":\"ListItem\",\"position\":2,\"name\":\"Tootjad\"}]},{\"@type\":\"WebSite\",\"@id\":\"https:\/\/beta.dataliner.ee\/#website\",\"url\":\"https:\/\/beta.dataliner.ee\/\",\"name\":\"Dataliner\",\"description\":\"\",\"publisher\":{\"@id\":\"https:\/\/beta.dataliner.ee\/#organization\"},\"potentialAction\":[{\"@type\":\"SearchAction\",\"target\":{\"@type\":\"EntryPoint\",\"urlTemplate\":\"https:\/\/beta.dataliner.ee\/?s={search_term_string}\"},\"query-input\":\"required name=search_term_string\"}],\"inLanguage\":\"et\"},{\"@type\":\"Organization\",\"@id\":\"https:\/\/beta.dataliner.ee\/#organization\",\"name\":\"Dataliner\",\"url\":\"https:\/\/beta.dataliner.ee\/\",\"logo\":{\"@type\":\"ImageObject\",\"inLanguage\":\"et\",\"@id\":\"https:\/\/beta.dataliner.ee\/#\/schema\/logo\/image\/\",\"url\":\"https:\/\/beta.dataliner.ee\/wp-content\/uploads\/2022\/01\/cropped-dataliner-logo.png\",\"contentUrl\":\"https:\/\/beta.dataliner.ee\/wp-content\/uploads\/2022\/01\/cropped-dataliner-logo.png\",\"width\":240,\"height\":102,\"caption\":\"Dataliner\"},\"image\":{\"@id\":\"https:\/\/beta.dataliner.ee\/#\/schema\/logo\/image\/\"}}]}<\/script>\n<!-- \/ Yoast SEO plugin. -->","yoast_head_json":{"title":"Tootjad - Dataliner","robots":{"index":"index","follow":"follow","max-snippet":"max-snippet:-1","max-image-preview":"max-image-preview:large","max-video-preview":"max-video-preview:-1"},"canonical":"https:\/\/beta.dataliner.ee\/?page_id=330","og_locale":"et_EE","og_type":"article","og_title":"Tootjad - Dataliner","og_url":"https:\/\/beta.dataliner.ee\/?page_id=330","og_site_name":"Dataliner","article_modified_time":"2023-01-04T11:31:27+00:00","twitter_card":"summary_large_image","twitter_misc":{"Est. reading time":"27 minutit"},"schema":{"@context":"https:\/\/schema.org","@graph":[{"@type":"WebPage","@id":"https:\/\/beta.dataliner.ee\/?page_id=330","url":"https:\/\/beta.dataliner.ee\/?page_id=330","name":"Tootjad - Dataliner","isPartOf":{"@id":"https:\/\/beta.dataliner.ee\/#website"},"datePublished":"2023-01-03T13:45:08+00:00","dateModified":"2023-01-04T11:31:27+00:00","breadcrumb":{"@id":"https:\/\/beta.dataliner.ee\/?page_id=330#breadcrumb"},"inLanguage":"et","potentialAction":[{"@type":"ReadAction","target":["https:\/\/beta.dataliner.ee\/?page_id=330"]}]},{"@type":"BreadcrumbList","@id":"https:\/\/beta.dataliner.ee\/?page_id=330#breadcrumb","itemListElement":[{"@type":"ListItem","position":1,"name":"Kodu","item":"https:\/\/beta.dataliner.ee\/"},{"@type":"ListItem","position":2,"name":"Tootjad"}]},{"@type":"WebSite","@id":"https:\/\/beta.dataliner.ee\/#website","url":"https:\/\/beta.dataliner.ee\/","name":"Dataliner","description":"","publisher":{"@id":"https:\/\/beta.dataliner.ee\/#organization"},"potentialAction":[{"@type":"SearchAction","target":{"@type":"EntryPoint","urlTemplate":"https:\/\/beta.dataliner.ee\/?s={search_term_string}"},"query-input":"required name=search_term_string"}],"inLanguage":"et"},{"@type":"Organization","@id":"https:\/\/beta.dataliner.ee\/#organization","name":"Dataliner","url":"https:\/\/beta.dataliner.ee\/","logo":{"@type":"ImageObject","inLanguage":"et","@id":"https:\/\/beta.dataliner.ee\/#\/schema\/logo\/image\/","url":"https:\/\/beta.dataliner.ee\/wp-content\/uploads\/2022\/01\/cropped-dataliner-logo.png","contentUrl":"https:\/\/beta.dataliner.ee\/wp-content\/uploads\/2022\/01\/cropped-dataliner-logo.png","width":240,"height":102,"caption":"Dataliner"},"image":{"@id":"https:\/\/beta.dataliner.ee\/#\/schema\/logo\/image\/"}}]}},"_links":{"self":[{"href":"https:\/\/beta.dataliner.ee\/index.php?rest_route=\/wp\/v2\/pages\/330","targetHints":{"allow":["GET"]}}],"collection":[{"href":"https:\/\/beta.dataliner.ee\/index.php?rest_route=\/wp\/v2\/pages"}],"about":[{"href":"https:\/\/beta.dataliner.ee\/index.php?rest_route=\/wp\/v2\/types\/page"}],"author":[{"embeddable":true,"href":"https:\/\/beta.dataliner.ee\/index.php?rest_route=\/wp\/v2\/users\/6"}],"replies":[{"embeddable":true,"href":"https:\/\/beta.dataliner.ee\/index.php?rest_route=%2Fwp%2Fv2%2Fcomments&post=330"}],"version-history":[{"count":20,"href":"https:\/\/beta.dataliner.ee\/index.php?rest_route=\/wp\/v2\/pages\/330\/revisions"}],"predecessor-version":[{"id":406,"href":"https:\/\/beta.dataliner.ee\/index.php?rest_route=\/wp\/v2\/pages\/330\/revisions\/406"}],"wp:attachment":[{"href":"https:\/\/beta.dataliner.ee\/index.php?rest_route=%2Fwp%2Fv2%2Fmedia&parent=330"}],"curies":[{"name":"wp","href":"https:\/\/api.w.org\/{rel}","templated":true}]}}