{"id":359,"date":"2023-01-04T09:28:15","date_gmt":"2023-01-04T09:28:15","guid":{"rendered":"https:\/\/beta.dataliner.ee\/?page_id=359"},"modified":"2023-01-04T09:28:15","modified_gmt":"2023-01-04T09:28:15","slug":"rodac","status":"publish","type":"page","link":"https:\/\/beta.dataliner.ee\/?page_id=359","title":{"rendered":"RODAC"},"content":{"rendered":"<div class=\"fusion-fullwidth fullwidth-box fusion-builder-row-1 fusion-flex-container has-pattern-background has-mask-background nonhundred-percent-fullwidth non-hundred-percent-height-scrolling\" style=\"--awb-border-radius-top-left:0px;--awb-border-radius-top-right:0px;--awb-border-radius-bottom-right:0px;--awb-border-radius-bottom-left:0px;\" ><div class=\"fusion-builder-row fusion-row fusion-flex-align-items-flex-start\" style=\"max-width:1248px;margin-left: calc(-4% \/ 2 );margin-right: calc(-4% \/ 2 );\"><div class=\"fusion-layout-column fusion_builder_column fusion-builder-column-0 fusion_builder_column_1_1 1_1 fusion-flex-column\" style=\"--awb-bg-size:cover;--awb-width-large:100%;--awb-spacing-right-large:1.92%;--awb-spacing-left-large:1.92%;--awb-width-medium:100%;--awb-order-medium:0;--awb-spacing-right-medium:1.92%;--awb-spacing-left-medium:1.92%;--awb-width-small:100%;--awb-order-small:0;--awb-spacing-right-small:1.92%;--awb-spacing-left-small:1.92%;\"><div class=\"fusion-column-wrapper fusion-column-has-shadow fusion-flex-justify-content-flex-start fusion-content-layout-column\"><div class=\"fusion-image-element \" style=\"text-align:center;\"><span class=\" fusion-imageframe imageframe-none imageframe-1 hover-type-none\"><img decoding=\"async\" width=\"300\" height=\"191\" title=\"rodac logo\" src=\"https:\/\/beta.dataliner.ee\/wp-content\/uploads\/2023\/01\/rodac-logo-300x191.png\" alt class=\"img-responsive wp-image-331\" srcset=\"https:\/\/beta.dataliner.ee\/wp-content\/uploads\/2023\/01\/rodac-logo-200x127.png 200w, https:\/\/beta.dataliner.ee\/wp-content\/uploads\/2023\/01\/rodac-logo-400x255.png 400w, https:\/\/beta.dataliner.ee\/wp-content\/uploads\/2023\/01\/rodac-logo.png 600w\" sizes=\"(max-width: 640px) 100vw, 300px\" \/><\/span><\/div><div class=\"fusion-separator fusion-full-width-sep\" style=\"align-self: center;margin-left: auto;margin-right: auto;margin-top:20px;margin-bottom:20px;width:100%;\"><\/div><div class=\"fusion-text fusion-text-1\"><div>RODAC International bv on juhtiv professionaalsete pneumaatiliste t\u00f6\u00f6riistade ja seadmete tarnija juba \u00fcle 50 aasta. Meie tooted on laialdaselt saadaval ulatusliku ja kogenud edasim\u00fc\u00fcjate v\u00f5rgustiku kaudu kogu Euroopas ja mitmete partnerite kaudu v\u00e4ljaspool Euroopat. RODAC on t\u00f6\u00f6stusturul lugupeetud ja h\u00e4sti tuntud kaubam\u00e4rk, t\u00e4nu oma k\u00f5rgekvaliteedilistele toodetele laias ja uuenduslikus valikus, millele lisandub meie k\u00f5rge teenindustase ja tulemuseks on Beneluxi turuliider ning v\u00e4ga tugevalt kasvav ettev\u00f5te. teistes riikides. Lause &#8220;Sinu v\u00f5imas s\u00f5ber&#8221; andsid meile meie kliendid ja see v\u00f5eti meie loosungina.<\/div>\n<\/div><div class=\"fusion-separator fusion-full-width-sep\" style=\"align-self: center;margin-left: auto;margin-right: auto;margin-top:25px;margin-bottom:25px;width:100%;\"><\/div><div class=\"fusion-title title fusion-title-1 fusion-sep-none fusion-title-text fusion-title-size-one\"><h1 class=\"title-heading-left\" style=\"margin:0;\"><p style=\"text-align: center;\">KATALOOGID<\/p><\/h1><\/div><\/div><\/div><div class=\"fusion-layout-column fusion_builder_column fusion-builder-column-1 fusion_builder_column_1_3 1_3 fusion-flex-column\" style=\"--awb-bg-size:cover;--awb-width-large:33.333333333333%;--awb-spacing-right-large:5.76%;--awb-spacing-left-large:5.76%;--awb-width-medium:33.333333333333%;--awb-order-medium:0;--awb-spacing-right-medium:5.76%;--awb-spacing-left-medium:5.76%;--awb-width-small:100%;--awb-order-small:0;--awb-spacing-right-small:1.92%;--awb-spacing-left-small:1.92%;\"><div class=\"fusion-column-wrapper fusion-column-has-shadow fusion-flex-justify-content-flex-start fusion-content-layout-column\"><div class=\"fusion-image-element \" style=\"text-align:center;\"><span class=\" fusion-imageframe imageframe-none imageframe-2 hover-type-none\"><img decoding=\"async\" width=\"212\" height=\"300\" title=\"page0001\" src=\"https:\/\/beta.dataliner.ee\/wp-content\/uploads\/2023\/01\/page0001-212x300.jpg\" alt class=\"img-responsive wp-image-365\" srcset=\"https:\/\/beta.dataliner.ee\/wp-content\/uploads\/2023\/01\/page0001-200x283.jpg 200w, https:\/\/beta.dataliner.ee\/wp-content\/uploads\/2023\/01\/page0001-400x566.jpg 400w, https:\/\/beta.dataliner.ee\/wp-content\/uploads\/2023\/01\/page0001-600x848.jpg 600w, https:\/\/beta.dataliner.ee\/wp-content\/uploads\/2023\/01\/page0001-800x1131.jpg 800w, https:\/\/beta.dataliner.ee\/wp-content\/uploads\/2023\/01\/page0001-1200x1697.jpg 1200w, https:\/\/beta.dataliner.ee\/wp-content\/uploads\/2023\/01\/page0001-scaled.jpg 1811w\" sizes=\"(max-width: 640px) 100vw, 400px\" \/><\/span><\/div><div class=\"fusion-separator fusion-full-width-sep\" style=\"align-self: center;margin-left: auto;margin-right: auto;margin-top:10px;margin-bottom:10px;width:100%;\"><\/div><div style=\"text-align:center;\"><a class=\"fusion-button button-flat fusion-button-default-size button-default fusion-button-default button-1 fusion-button-default-span fusion-button-default-type\" target=\"_self\" href=\"https:\/\/cld.bz\/LBEkzci\"><span class=\"fusion-button-text\">Digi kataloog<\/span><\/a><\/div><\/div><\/div><div class=\"fusion-layout-column fusion_builder_column fusion-builder-column-2 fusion_builder_column_1_3 1_3 fusion-flex-column\" style=\"--awb-bg-size:cover;--awb-width-large:33.333333333333%;--awb-spacing-right-large:5.76%;--awb-spacing-left-large:5.76%;--awb-width-medium:33.333333333333%;--awb-order-medium:0;--awb-spacing-right-medium:5.76%;--awb-spacing-left-medium:5.76%;--awb-width-small:100%;--awb-order-small:0;--awb-spacing-right-small:1.92%;--awb-spacing-left-small:1.92%;\"><div class=\"fusion-column-wrapper fusion-column-has-shadow fusion-flex-justify-content-flex-start fusion-content-layout-column\"><div class=\"fusion-image-element \" style=\"text-align:center;\"><span class=\" fusion-imageframe imageframe-none imageframe-3 hover-type-none\"><img decoding=\"async\" width=\"212\" height=\"300\" title=\"page0001 (1)\" src=\"https:\/\/beta.dataliner.ee\/wp-content\/uploads\/2023\/01\/page0001-1-212x300.jpg\" alt class=\"img-responsive wp-image-368\" srcset=\"https:\/\/beta.dataliner.ee\/wp-content\/uploads\/2023\/01\/page0001-1-200x283.jpg 200w, https:\/\/beta.dataliner.ee\/wp-content\/uploads\/2023\/01\/page0001-1-400x566.jpg 400w, https:\/\/beta.dataliner.ee\/wp-content\/uploads\/2023\/01\/page0001-1-600x848.jpg 600w, https:\/\/beta.dataliner.ee\/wp-content\/uploads\/2023\/01\/page0001-1-800x1131.jpg 800w, https:\/\/beta.dataliner.ee\/wp-content\/uploads\/2023\/01\/page0001-1-1200x1697.jpg 1200w, https:\/\/beta.dataliner.ee\/wp-content\/uploads\/2023\/01\/page0001-1-scaled.jpg 1811w\" sizes=\"(max-width: 640px) 100vw, 400px\" \/><\/span><\/div><div class=\"fusion-separator fusion-full-width-sep\" style=\"align-self: center;margin-left: auto;margin-right: auto;margin-top:10px;margin-bottom:10px;width:100%;\"><\/div><div style=\"text-align:center;\"><a class=\"fusion-button button-flat fusion-button-default-size button-default fusion-button-default button-2 fusion-button-default-span fusion-button-default-type\" target=\"_self\" href=\"https:\/\/cld.bz\/fOwulue\"><span class=\"fusion-button-text\">Digi kataloog<\/span><\/a><\/div><\/div><\/div><div class=\"fusion-layout-column fusion_builder_column fusion-builder-column-3 fusion_builder_column_1_3 1_3 fusion-flex-column\" style=\"--awb-bg-size:cover;--awb-width-large:33.333333333333%;--awb-spacing-right-large:5.76%;--awb-spacing-left-large:5.76%;--awb-width-medium:33.333333333333%;--awb-order-medium:0;--awb-spacing-right-medium:5.76%;--awb-spacing-left-medium:5.76%;--awb-width-small:100%;--awb-order-small:0;--awb-spacing-right-small:1.92%;--awb-spacing-left-small:1.92%;\"><div class=\"fusion-column-wrapper fusion-column-has-shadow fusion-flex-justify-content-flex-start fusion-content-layout-column\"><div class=\"fusion-image-element \" style=\"text-align:center;\"><span class=\" fusion-imageframe imageframe-none imageframe-4 hover-type-none\"><img decoding=\"async\" width=\"212\" height=\"300\" title=\"page0001 (2)_page-0001\" src=\"https:\/\/beta.dataliner.ee\/wp-content\/uploads\/2023\/01\/page0001-2_page-0001-212x300.jpg\" alt class=\"img-responsive wp-image-370\" srcset=\"https:\/\/beta.dataliner.ee\/wp-content\/uploads\/2023\/01\/page0001-2_page-0001-200x283.jpg 200w, https:\/\/beta.dataliner.ee\/wp-content\/uploads\/2023\/01\/page0001-2_page-0001-400x565.jpg 400w, https:\/\/beta.dataliner.ee\/wp-content\/uploads\/2023\/01\/page0001-2_page-0001-600x848.jpg 600w, https:\/\/beta.dataliner.ee\/wp-content\/uploads\/2023\/01\/page0001-2_page-0001-800x1131.jpg 800w, https:\/\/beta.dataliner.ee\/wp-content\/uploads\/2023\/01\/page0001-2_page-0001-1200x1696.jpg 1200w, https:\/\/beta.dataliner.ee\/wp-content\/uploads\/2023\/01\/page0001-2_page-0001.jpg 1241w\" sizes=\"(max-width: 640px) 100vw, 400px\" \/><\/span><\/div><div class=\"fusion-separator fusion-full-width-sep\" style=\"align-self: center;margin-left: auto;margin-right: auto;margin-top:10px;margin-bottom:10px;width:100%;\"><\/div><div style=\"text-align:center;\"><a class=\"fusion-button button-flat fusion-button-default-size button-default fusion-button-default button-3 fusion-button-default-span fusion-button-default-type\" target=\"_self\" href=\"https:\/\/cld.bz\/tOIzh1i\"><span class=\"fusion-button-text\">Digi kataloog<\/span><\/a><\/div><\/div><\/div><\/div><\/div>\n","protected":false},"excerpt":{"rendered":"","protected":false},"author":6,"featured_media":0,"parent":0,"menu_order":0,"comment_status":"closed","ping_status":"closed","template":"100-width.php","meta":{"footnotes":""},"class_list":["post-359","page","type-page","status-publish","hentry"],"yoast_head":"<!-- This site is optimized with the Yoast SEO plugin v20.0 - https:\/\/yoast.com\/wordpress\/plugins\/seo\/ -->\n<title>RODAC - Dataliner<\/title>\n<meta name=\"robots\" content=\"index, follow, max-snippet:-1, max-image-preview:large, max-video-preview:-1\" \/>\n<link rel=\"canonical\" href=\"https:\/\/beta.dataliner.ee\/?page_id=359\" \/>\n<meta property=\"og:locale\" content=\"et_EE\" \/>\n<meta property=\"og:type\" content=\"article\" \/>\n<meta property=\"og:title\" content=\"RODAC - Dataliner\" \/>\n<meta property=\"og:url\" content=\"https:\/\/beta.dataliner.ee\/?page_id=359\" \/>\n<meta property=\"og:site_name\" content=\"Dataliner\" \/>\n<meta name=\"twitter:card\" content=\"summary_large_image\" \/>\n<meta name=\"twitter:label1\" content=\"Est. reading time\" \/>\n\t<meta name=\"twitter:data1\" content=\"20 minutit\" \/>\n<script type=\"application\/ld+json\" class=\"yoast-schema-graph\">{\"@context\":\"https:\/\/schema.org\",\"@graph\":[{\"@type\":\"WebPage\",\"@id\":\"https:\/\/beta.dataliner.ee\/?page_id=359\",\"url\":\"https:\/\/beta.dataliner.ee\/?page_id=359\",\"name\":\"RODAC - Dataliner\",\"isPartOf\":{\"@id\":\"https:\/\/beta.dataliner.ee\/#website\"},\"datePublished\":\"2023-01-04T09:28:15+00:00\",\"dateModified\":\"2023-01-04T09:28:15+00:00\",\"breadcrumb\":{\"@id\":\"https:\/\/beta.dataliner.ee\/?page_id=359#breadcrumb\"},\"inLanguage\":\"et\",\"potentialAction\":[{\"@type\":\"ReadAction\",\"target\":[\"https:\/\/beta.dataliner.ee\/?page_id=359\"]}]},{\"@type\":\"BreadcrumbList\",\"@id\":\"https:\/\/beta.dataliner.ee\/?page_id=359#breadcrumb\",\"itemListElement\":[{\"@type\":\"ListItem\",\"position\":1,\"name\":\"Kodu\",\"item\":\"https:\/\/beta.dataliner.ee\/\"},{\"@type\":\"ListItem\",\"position\":2,\"name\":\"RODAC\"}]},{\"@type\":\"WebSite\",\"@id\":\"https:\/\/beta.dataliner.ee\/#website\",\"url\":\"https:\/\/beta.dataliner.ee\/\",\"name\":\"Dataliner\",\"description\":\"\",\"publisher\":{\"@id\":\"https:\/\/beta.dataliner.ee\/#organization\"},\"potentialAction\":[{\"@type\":\"SearchAction\",\"target\":{\"@type\":\"EntryPoint\",\"urlTemplate\":\"https:\/\/beta.dataliner.ee\/?s={search_term_string}\"},\"query-input\":\"required name=search_term_string\"}],\"inLanguage\":\"et\"},{\"@type\":\"Organization\",\"@id\":\"https:\/\/beta.dataliner.ee\/#organization\",\"name\":\"Dataliner\",\"url\":\"https:\/\/beta.dataliner.ee\/\",\"logo\":{\"@type\":\"ImageObject\",\"inLanguage\":\"et\",\"@id\":\"https:\/\/beta.dataliner.ee\/#\/schema\/logo\/image\/\",\"url\":\"https:\/\/beta.dataliner.ee\/wp-content\/uploads\/2022\/01\/cropped-dataliner-logo.png\",\"contentUrl\":\"https:\/\/beta.dataliner.ee\/wp-content\/uploads\/2022\/01\/cropped-dataliner-logo.png\",\"width\":240,\"height\":102,\"caption\":\"Dataliner\"},\"image\":{\"@id\":\"https:\/\/beta.dataliner.ee\/#\/schema\/logo\/image\/\"}}]}<\/script>\n<!-- \/ Yoast SEO plugin. -->","yoast_head_json":{"title":"RODAC - Dataliner","robots":{"index":"index","follow":"follow","max-snippet":"max-snippet:-1","max-image-preview":"max-image-preview:large","max-video-preview":"max-video-preview:-1"},"canonical":"https:\/\/beta.dataliner.ee\/?page_id=359","og_locale":"et_EE","og_type":"article","og_title":"RODAC - Dataliner","og_url":"https:\/\/beta.dataliner.ee\/?page_id=359","og_site_name":"Dataliner","twitter_card":"summary_large_image","twitter_misc":{"Est. reading time":"20 minutit"},"schema":{"@context":"https:\/\/schema.org","@graph":[{"@type":"WebPage","@id":"https:\/\/beta.dataliner.ee\/?page_id=359","url":"https:\/\/beta.dataliner.ee\/?page_id=359","name":"RODAC - Dataliner","isPartOf":{"@id":"https:\/\/beta.dataliner.ee\/#website"},"datePublished":"2023-01-04T09:28:15+00:00","dateModified":"2023-01-04T09:28:15+00:00","breadcrumb":{"@id":"https:\/\/beta.dataliner.ee\/?page_id=359#breadcrumb"},"inLanguage":"et","potentialAction":[{"@type":"ReadAction","target":["https:\/\/beta.dataliner.ee\/?page_id=359"]}]},{"@type":"BreadcrumbList","@id":"https:\/\/beta.dataliner.ee\/?page_id=359#breadcrumb","itemListElement":[{"@type":"ListItem","position":1,"name":"Kodu","item":"https:\/\/beta.dataliner.ee\/"},{"@type":"ListItem","position":2,"name":"RODAC"}]},{"@type":"WebSite","@id":"https:\/\/beta.dataliner.ee\/#website","url":"https:\/\/beta.dataliner.ee\/","name":"Dataliner","description":"","publisher":{"@id":"https:\/\/beta.dataliner.ee\/#organization"},"potentialAction":[{"@type":"SearchAction","target":{"@type":"EntryPoint","urlTemplate":"https:\/\/beta.dataliner.ee\/?s={search_term_string}"},"query-input":"required name=search_term_string"}],"inLanguage":"et"},{"@type":"Organization","@id":"https:\/\/beta.dataliner.ee\/#organization","name":"Dataliner","url":"https:\/\/beta.dataliner.ee\/","logo":{"@type":"ImageObject","inLanguage":"et","@id":"https:\/\/beta.dataliner.ee\/#\/schema\/logo\/image\/","url":"https:\/\/beta.dataliner.ee\/wp-content\/uploads\/2022\/01\/cropped-dataliner-logo.png","contentUrl":"https:\/\/beta.dataliner.ee\/wp-content\/uploads\/2022\/01\/cropped-dataliner-logo.png","width":240,"height":102,"caption":"Dataliner"},"image":{"@id":"https:\/\/beta.dataliner.ee\/#\/schema\/logo\/image\/"}}]}},"_links":{"self":[{"href":"https:\/\/beta.dataliner.ee\/index.php?rest_route=\/wp\/v2\/pages\/359","targetHints":{"allow":["GET"]}}],"collection":[{"href":"https:\/\/beta.dataliner.ee\/index.php?rest_route=\/wp\/v2\/pages"}],"about":[{"href":"https:\/\/beta.dataliner.ee\/index.php?rest_route=\/wp\/v2\/types\/page"}],"author":[{"embeddable":true,"href":"https:\/\/beta.dataliner.ee\/index.php?rest_route=\/wp\/v2\/users\/6"}],"replies":[{"embeddable":true,"href":"https:\/\/beta.dataliner.ee\/index.php?rest_route=%2Fwp%2Fv2%2Fcomments&post=359"}],"version-history":[{"count":10,"href":"https:\/\/beta.dataliner.ee\/index.php?rest_route=\/wp\/v2\/pages\/359\/revisions"}],"predecessor-version":[{"id":372,"href":"https:\/\/beta.dataliner.ee\/index.php?rest_route=\/wp\/v2\/pages\/359\/revisions\/372"}],"wp:attachment":[{"href":"https:\/\/beta.dataliner.ee\/index.php?rest_route=%2Fwp%2Fv2%2Fmedia&parent=359"}],"curies":[{"name":"wp","href":"https:\/\/api.w.org\/{rel}","templated":true}]}}