{"id":376,"date":"2023-01-04T09:57:08","date_gmt":"2023-01-04T09:57:08","guid":{"rendered":"https:\/\/beta.dataliner.ee\/?page_id=376"},"modified":"2023-01-04T09:57:08","modified_gmt":"2023-01-04T09:57:08","slug":"gys","status":"publish","type":"page","link":"https:\/\/beta.dataliner.ee\/?page_id=376","title":{"rendered":"GYS"},"content":{"rendered":"<div class=\"fusion-fullwidth fullwidth-box fusion-builder-row-1 fusion-flex-container has-pattern-background has-mask-background nonhundred-percent-fullwidth non-hundred-percent-height-scrolling\" style=\"--awb-border-radius-top-left:0px;--awb-border-radius-top-right:0px;--awb-border-radius-bottom-right:0px;--awb-border-radius-bottom-left:0px;\" ><div class=\"fusion-builder-row fusion-row fusion-flex-align-items-flex-start\" style=\"max-width:1248px;margin-left: calc(-4% \/ 2 );margin-right: calc(-4% \/ 2 );\"><div class=\"fusion-layout-column fusion_builder_column fusion-builder-column-0 fusion_builder_column_1_1 1_1 fusion-flex-column\" style=\"--awb-bg-size:cover;--awb-width-large:100%;--awb-spacing-right-large:1.92%;--awb-spacing-left-large:1.92%;--awb-width-medium:100%;--awb-order-medium:0;--awb-spacing-right-medium:1.92%;--awb-spacing-left-medium:1.92%;--awb-width-small:100%;--awb-order-small:0;--awb-spacing-right-small:1.92%;--awb-spacing-left-small:1.92%;\"><div class=\"fusion-column-wrapper fusion-column-has-shadow fusion-flex-justify-content-flex-start fusion-content-layout-column\"><div class=\"fusion-image-element \" style=\"text-align:center;\"><span class=\" fusion-imageframe imageframe-none imageframe-1 hover-type-none\"><img decoding=\"async\" width=\"300\" height=\"278\" title=\"Gys logo4\" src=\"https:\/\/beta.dataliner.ee\/wp-content\/uploads\/2023\/01\/Gys-logo4-300x278.png\" alt class=\"img-responsive wp-image-342\" srcset=\"https:\/\/beta.dataliner.ee\/wp-content\/uploads\/2023\/01\/Gys-logo4-200x186.png 200w, https:\/\/beta.dataliner.ee\/wp-content\/uploads\/2023\/01\/Gys-logo4-400x371.png 400w, https:\/\/beta.dataliner.ee\/wp-content\/uploads\/2023\/01\/Gys-logo4-600x557.png 600w, https:\/\/beta.dataliner.ee\/wp-content\/uploads\/2023\/01\/Gys-logo4.png 666w\" sizes=\"(max-width: 640px) 100vw, 300px\" \/><\/span><\/div><div class=\"fusion-separator fusion-full-width-sep\" style=\"align-self: center;margin-left: auto;margin-right: auto;margin-top:20px;margin-bottom:20px;width:100%;\"><\/div><div class=\"fusion-text fusion-text-1\"><p>1964. aastal loodud GYS on pereettev\u00f5te, millel on \u00fcle 900 t\u00f6\u00f6taja \u00fcle maailma. Ettev\u00f5te, mis on \u00fcles ehitatud pidevatele investeeringutele teadus- ja arendustegevusse ning teadmiste omandamisele, on n\u00fc\u00fcd keevitusmasinate, akulaadijate ja autokereremondiseadmete projekteerimisel ja valmistamisel p\u00f5hitegija.<\/p>\n<\/div><\/div><\/div><div class=\"fusion-layout-column fusion_builder_column fusion-builder-column-1 fusion_builder_column_1_3 1_3 fusion-flex-column\" style=\"--awb-bg-size:cover;--awb-width-large:33.333333333333%;--awb-spacing-right-large:5.76%;--awb-spacing-left-large:5.76%;--awb-width-medium:33.333333333333%;--awb-order-medium:0;--awb-spacing-right-medium:5.76%;--awb-spacing-left-medium:5.76%;--awb-width-small:100%;--awb-order-small:0;--awb-spacing-right-small:1.92%;--awb-spacing-left-small:1.92%;\"><div class=\"fusion-column-wrapper fusion-column-has-shadow fusion-flex-justify-content-flex-start fusion-content-layout-column\"><div class=\"fusion-image-element \" style=\"text-align:center;\"><span class=\" fusion-imageframe imageframe-none imageframe-2 hover-type-none\"><img decoding=\"async\" width=\"212\" height=\"300\" title=\"Kuvat\u00f5mmis 2023-01-04 114213\" src=\"https:\/\/beta.dataliner.ee\/wp-content\/uploads\/2023\/01\/Kuvatommis-2023-01-04-114213-e1672825878301-212x300.png\" alt class=\"img-responsive wp-image-379\" srcset=\"https:\/\/beta.dataliner.ee\/wp-content\/uploads\/2023\/01\/Kuvatommis-2023-01-04-114213-e1672825878301-200x283.png 200w, https:\/\/beta.dataliner.ee\/wp-content\/uploads\/2023\/01\/Kuvatommis-2023-01-04-114213-e1672825878301-400x565.png 400w, https:\/\/beta.dataliner.ee\/wp-content\/uploads\/2023\/01\/Kuvatommis-2023-01-04-114213-e1672825878301.png 591w\" sizes=\"(max-width: 640px) 100vw, 400px\" \/><\/span><\/div><div class=\"fusion-separator fusion-full-width-sep\" style=\"align-self: center;margin-left: auto;margin-right: auto;margin-top:10px;margin-bottom:10px;width:100%;\"><\/div><div style=\"text-align:center;\"><a class=\"fusion-button button-flat fusion-button-default-size button-default fusion-button-default button-1 fusion-button-default-span fusion-button-default-type\" target=\"_self\" href=\"https:\/\/www.gys.fr\/img\/common\/catalogs\/fp\/Welding\/docs\/GYS_Welding_HD.pdf\"><span class=\"fusion-button-text\">Digi kataloog<\/span><\/a><\/div><\/div><\/div><div class=\"fusion-layout-column fusion_builder_column fusion-builder-column-2 fusion_builder_column_1_3 1_3 fusion-flex-column\" style=\"--awb-bg-size:cover;--awb-width-large:33.333333333333%;--awb-spacing-right-large:5.76%;--awb-spacing-left-large:5.76%;--awb-width-medium:33.333333333333%;--awb-order-medium:0;--awb-spacing-right-medium:5.76%;--awb-spacing-left-medium:5.76%;--awb-width-small:100%;--awb-order-small:0;--awb-spacing-right-small:1.92%;--awb-spacing-left-small:1.92%;\"><div class=\"fusion-column-wrapper fusion-column-has-shadow fusion-flex-justify-content-flex-start fusion-content-layout-column\"><div class=\"fusion-image-element \" style=\"text-align:center;\"><span class=\" fusion-imageframe imageframe-none imageframe-3 hover-type-none\"><img decoding=\"async\" width=\"214\" height=\"300\" title=\"Kuvat\u00f5mmis 2023-01-04 114807\" src=\"https:\/\/beta.dataliner.ee\/wp-content\/uploads\/2023\/01\/Kuvatommis-2023-01-04-114807-e1672825916585-214x300.png\" alt class=\"img-responsive wp-image-381\" srcset=\"https:\/\/beta.dataliner.ee\/wp-content\/uploads\/2023\/01\/Kuvatommis-2023-01-04-114807-e1672825916585-200x280.png 200w, https:\/\/beta.dataliner.ee\/wp-content\/uploads\/2023\/01\/Kuvatommis-2023-01-04-114807-e1672825916585-400x560.png 400w, https:\/\/beta.dataliner.ee\/wp-content\/uploads\/2023\/01\/Kuvatommis-2023-01-04-114807-e1672825916585-600x839.png 600w, https:\/\/beta.dataliner.ee\/wp-content\/uploads\/2023\/01\/Kuvatommis-2023-01-04-114807-e1672825916585.png 619w\" sizes=\"(max-width: 640px) 100vw, 400px\" \/><\/span><\/div><div class=\"fusion-separator fusion-full-width-sep\" style=\"align-self: center;margin-left: auto;margin-right: auto;margin-top:10px;margin-bottom:10px;width:100%;\"><\/div><div style=\"text-align:center;\"><a class=\"fusion-button button-flat fusion-button-default-size button-default fusion-button-default button-2 fusion-button-default-span fusion-button-default-type\" target=\"_self\" href=\"https:\/\/www.gys.fr\/img\/common\/catalogs\/fp\/Charger\/docs\/GYS_Charger_HD.pdf\"><span class=\"fusion-button-text\">Digi kataloog<\/span><\/a><\/div><\/div><\/div><div class=\"fusion-layout-column fusion_builder_column fusion-builder-column-3 fusion_builder_column_1_3 1_3 fusion-flex-column\" style=\"--awb-bg-size:cover;--awb-width-large:33.333333333333%;--awb-spacing-right-large:5.76%;--awb-spacing-left-large:5.76%;--awb-width-medium:33.333333333333%;--awb-order-medium:0;--awb-spacing-right-medium:5.76%;--awb-spacing-left-medium:5.76%;--awb-width-small:100%;--awb-order-small:0;--awb-spacing-right-small:1.92%;--awb-spacing-left-small:1.92%;\"><div class=\"fusion-column-wrapper fusion-column-has-shadow fusion-flex-justify-content-flex-start fusion-content-layout-column\"><div class=\"fusion-image-element \" style=\"text-align:center;\"><span class=\" fusion-imageframe imageframe-none imageframe-4 hover-type-none\"><img decoding=\"async\" width=\"218\" height=\"300\" title=\"Kuvat\u00f5mmis 2023-01-04 115454\" src=\"https:\/\/beta.dataliner.ee\/wp-content\/uploads\/2023\/01\/Kuvatommis-2023-01-04-115454-e1672826159595-218x300.png\" alt class=\"img-responsive wp-image-384\" srcset=\"https:\/\/beta.dataliner.ee\/wp-content\/uploads\/2023\/01\/Kuvatommis-2023-01-04-115454-e1672826159595-200x275.png 200w, https:\/\/beta.dataliner.ee\/wp-content\/uploads\/2023\/01\/Kuvatommis-2023-01-04-115454-e1672826159595-400x550.png 400w, https:\/\/beta.dataliner.ee\/wp-content\/uploads\/2023\/01\/Kuvatommis-2023-01-04-115454-e1672826159595-600x826.png 600w, https:\/\/beta.dataliner.ee\/wp-content\/uploads\/2023\/01\/Kuvatommis-2023-01-04-115454-e1672826159595.png 630w\" sizes=\"(max-width: 640px) 100vw, 400px\" \/><\/span><\/div><div class=\"fusion-separator fusion-full-width-sep\" style=\"align-self: center;margin-left: auto;margin-right: auto;margin-top:10px;margin-bottom:10px;width:100%;\"><\/div><div style=\"text-align:center;\"><a class=\"fusion-button button-flat fusion-button-default-size button-default fusion-button-default button-3 fusion-button-default-span fusion-button-default-type\" target=\"_self\" href=\"https:\/\/www.gys.fr\/img\/common\/catalogs\/fp\/Carbody\/docs\/GYS_Carbody_HD.pdf\"><span class=\"fusion-button-text\">Digi kataloog<\/span><\/a><\/div><\/div><\/div><\/div><\/div>\n","protected":false},"excerpt":{"rendered":"","protected":false},"author":6,"featured_media":0,"parent":0,"menu_order":0,"comment_status":"closed","ping_status":"closed","template":"100-width.php","meta":{"footnotes":""},"class_list":["post-376","page","type-page","status-publish","hentry"],"yoast_head":"<!-- This site is optimized with the Yoast SEO plugin v20.0 - https:\/\/yoast.com\/wordpress\/plugins\/seo\/ -->\n<title>GYS - Dataliner<\/title>\n<meta name=\"robots\" content=\"index, follow, max-snippet:-1, max-image-preview:large, max-video-preview:-1\" \/>\n<link rel=\"canonical\" href=\"https:\/\/beta.dataliner.ee\/?page_id=376\" \/>\n<meta property=\"og:locale\" content=\"et_EE\" \/>\n<meta property=\"og:type\" content=\"article\" \/>\n<meta property=\"og:title\" content=\"GYS - Dataliner\" \/>\n<meta property=\"og:url\" content=\"https:\/\/beta.dataliner.ee\/?page_id=376\" \/>\n<meta property=\"og:site_name\" content=\"Dataliner\" \/>\n<meta name=\"twitter:card\" content=\"summary_large_image\" \/>\n<meta name=\"twitter:label1\" content=\"Est. reading time\" \/>\n\t<meta name=\"twitter:data1\" content=\"18 minutit\" \/>\n<script type=\"application\/ld+json\" class=\"yoast-schema-graph\">{\"@context\":\"https:\/\/schema.org\",\"@graph\":[{\"@type\":\"WebPage\",\"@id\":\"https:\/\/beta.dataliner.ee\/?page_id=376\",\"url\":\"https:\/\/beta.dataliner.ee\/?page_id=376\",\"name\":\"GYS - Dataliner\",\"isPartOf\":{\"@id\":\"https:\/\/beta.dataliner.ee\/#website\"},\"datePublished\":\"2023-01-04T09:57:08+00:00\",\"dateModified\":\"2023-01-04T09:57:08+00:00\",\"breadcrumb\":{\"@id\":\"https:\/\/beta.dataliner.ee\/?page_id=376#breadcrumb\"},\"inLanguage\":\"et\",\"potentialAction\":[{\"@type\":\"ReadAction\",\"target\":[\"https:\/\/beta.dataliner.ee\/?page_id=376\"]}]},{\"@type\":\"BreadcrumbList\",\"@id\":\"https:\/\/beta.dataliner.ee\/?page_id=376#breadcrumb\",\"itemListElement\":[{\"@type\":\"ListItem\",\"position\":1,\"name\":\"Kodu\",\"item\":\"https:\/\/beta.dataliner.ee\/\"},{\"@type\":\"ListItem\",\"position\":2,\"name\":\"GYS\"}]},{\"@type\":\"WebSite\",\"@id\":\"https:\/\/beta.dataliner.ee\/#website\",\"url\":\"https:\/\/beta.dataliner.ee\/\",\"name\":\"Dataliner\",\"description\":\"\",\"publisher\":{\"@id\":\"https:\/\/beta.dataliner.ee\/#organization\"},\"potentialAction\":[{\"@type\":\"SearchAction\",\"target\":{\"@type\":\"EntryPoint\",\"urlTemplate\":\"https:\/\/beta.dataliner.ee\/?s={search_term_string}\"},\"query-input\":\"required name=search_term_string\"}],\"inLanguage\":\"et\"},{\"@type\":\"Organization\",\"@id\":\"https:\/\/beta.dataliner.ee\/#organization\",\"name\":\"Dataliner\",\"url\":\"https:\/\/beta.dataliner.ee\/\",\"logo\":{\"@type\":\"ImageObject\",\"inLanguage\":\"et\",\"@id\":\"https:\/\/beta.dataliner.ee\/#\/schema\/logo\/image\/\",\"url\":\"https:\/\/beta.dataliner.ee\/wp-content\/uploads\/2022\/01\/cropped-dataliner-logo.png\",\"contentUrl\":\"https:\/\/beta.dataliner.ee\/wp-content\/uploads\/2022\/01\/cropped-dataliner-logo.png\",\"width\":240,\"height\":102,\"caption\":\"Dataliner\"},\"image\":{\"@id\":\"https:\/\/beta.dataliner.ee\/#\/schema\/logo\/image\/\"}}]}<\/script>\n<!-- \/ Yoast SEO plugin. -->","yoast_head_json":{"title":"GYS - Dataliner","robots":{"index":"index","follow":"follow","max-snippet":"max-snippet:-1","max-image-preview":"max-image-preview:large","max-video-preview":"max-video-preview:-1"},"canonical":"https:\/\/beta.dataliner.ee\/?page_id=376","og_locale":"et_EE","og_type":"article","og_title":"GYS - Dataliner","og_url":"https:\/\/beta.dataliner.ee\/?page_id=376","og_site_name":"Dataliner","twitter_card":"summary_large_image","twitter_misc":{"Est. reading time":"18 minutit"},"schema":{"@context":"https:\/\/schema.org","@graph":[{"@type":"WebPage","@id":"https:\/\/beta.dataliner.ee\/?page_id=376","url":"https:\/\/beta.dataliner.ee\/?page_id=376","name":"GYS - Dataliner","isPartOf":{"@id":"https:\/\/beta.dataliner.ee\/#website"},"datePublished":"2023-01-04T09:57:08+00:00","dateModified":"2023-01-04T09:57:08+00:00","breadcrumb":{"@id":"https:\/\/beta.dataliner.ee\/?page_id=376#breadcrumb"},"inLanguage":"et","potentialAction":[{"@type":"ReadAction","target":["https:\/\/beta.dataliner.ee\/?page_id=376"]}]},{"@type":"BreadcrumbList","@id":"https:\/\/beta.dataliner.ee\/?page_id=376#breadcrumb","itemListElement":[{"@type":"ListItem","position":1,"name":"Kodu","item":"https:\/\/beta.dataliner.ee\/"},{"@type":"ListItem","position":2,"name":"GYS"}]},{"@type":"WebSite","@id":"https:\/\/beta.dataliner.ee\/#website","url":"https:\/\/beta.dataliner.ee\/","name":"Dataliner","description":"","publisher":{"@id":"https:\/\/beta.dataliner.ee\/#organization"},"potentialAction":[{"@type":"SearchAction","target":{"@type":"EntryPoint","urlTemplate":"https:\/\/beta.dataliner.ee\/?s={search_term_string}"},"query-input":"required name=search_term_string"}],"inLanguage":"et"},{"@type":"Organization","@id":"https:\/\/beta.dataliner.ee\/#organization","name":"Dataliner","url":"https:\/\/beta.dataliner.ee\/","logo":{"@type":"ImageObject","inLanguage":"et","@id":"https:\/\/beta.dataliner.ee\/#\/schema\/logo\/image\/","url":"https:\/\/beta.dataliner.ee\/wp-content\/uploads\/2022\/01\/cropped-dataliner-logo.png","contentUrl":"https:\/\/beta.dataliner.ee\/wp-content\/uploads\/2022\/01\/cropped-dataliner-logo.png","width":240,"height":102,"caption":"Dataliner"},"image":{"@id":"https:\/\/beta.dataliner.ee\/#\/schema\/logo\/image\/"}}]}},"_links":{"self":[{"href":"https:\/\/beta.dataliner.ee\/index.php?rest_route=\/wp\/v2\/pages\/376","targetHints":{"allow":["GET"]}}],"collection":[{"href":"https:\/\/beta.dataliner.ee\/index.php?rest_route=\/wp\/v2\/pages"}],"about":[{"href":"https:\/\/beta.dataliner.ee\/index.php?rest_route=\/wp\/v2\/types\/page"}],"author":[{"embeddable":true,"href":"https:\/\/beta.dataliner.ee\/index.php?rest_route=\/wp\/v2\/users\/6"}],"replies":[{"embeddable":true,"href":"https:\/\/beta.dataliner.ee\/index.php?rest_route=%2Fwp%2Fv2%2Fcomments&post=376"}],"version-history":[{"count":6,"href":"https:\/\/beta.dataliner.ee\/index.php?rest_route=\/wp\/v2\/pages\/376\/revisions"}],"predecessor-version":[{"id":385,"href":"https:\/\/beta.dataliner.ee\/index.php?rest_route=\/wp\/v2\/pages\/376\/revisions\/385"}],"wp:attachment":[{"href":"https:\/\/beta.dataliner.ee\/index.php?rest_route=%2Fwp%2Fv2%2Fmedia&parent=376"}],"curies":[{"name":"wp","href":"https:\/\/api.w.org\/{rel}","templated":true}]}}