{"id":387,"date":"2023-01-04T11:20:28","date_gmt":"2023-01-04T11:20:28","guid":{"rendered":"https:\/\/beta.dataliner.ee\/?page_id=387"},"modified":"2023-01-04T11:20:28","modified_gmt":"2023-01-04T11:20:28","slug":"spanesi","status":"publish","type":"page","link":"https:\/\/beta.dataliner.ee\/?page_id=387","title":{"rendered":"SPANESI"},"content":{"rendered":"<div class=\"fusion-fullwidth fullwidth-box fusion-builder-row-1 fusion-flex-container has-pattern-background has-mask-background nonhundred-percent-fullwidth non-hundred-percent-height-scrolling\" style=\"--awb-border-radius-top-left:0px;--awb-border-radius-top-right:0px;--awb-border-radius-bottom-right:0px;--awb-border-radius-bottom-left:0px;\" ><div class=\"fusion-builder-row fusion-row fusion-flex-align-items-flex-start\" style=\"max-width:1248px;margin-left: calc(-4% \/ 2 );margin-right: calc(-4% \/ 2 );\"><div class=\"fusion-layout-column fusion_builder_column fusion-builder-column-0 fusion_builder_column_1_1 1_1 fusion-flex-column\" style=\"--awb-bg-size:cover;--awb-width-large:100%;--awb-spacing-right-large:1.92%;--awb-spacing-left-large:1.92%;--awb-width-medium:100%;--awb-order-medium:0;--awb-spacing-right-medium:1.92%;--awb-spacing-left-medium:1.92%;--awb-width-small:100%;--awb-order-small:0;--awb-spacing-right-small:1.92%;--awb-spacing-left-small:1.92%;\"><div class=\"fusion-column-wrapper fusion-column-has-shadow fusion-flex-justify-content-flex-start fusion-content-layout-column\"><div class=\"fusion-image-element \" style=\"text-align:center;\"><span class=\" fusion-imageframe imageframe-none imageframe-1 hover-type-none\"><img decoding=\"async\" width=\"300\" height=\"150\" title=\"spanesi\" src=\"https:\/\/beta.dataliner.ee\/wp-content\/uploads\/2023\/01\/spanesi-300x150.jpg\" alt class=\"img-responsive wp-image-337\" srcset=\"https:\/\/beta.dataliner.ee\/wp-content\/uploads\/2023\/01\/spanesi-200x100.jpg 200w, https:\/\/beta.dataliner.ee\/wp-content\/uploads\/2023\/01\/spanesi-400x200.jpg 400w, https:\/\/beta.dataliner.ee\/wp-content\/uploads\/2023\/01\/spanesi-600x300.jpg 600w, https:\/\/beta.dataliner.ee\/wp-content\/uploads\/2023\/01\/spanesi.jpg 800w\" sizes=\"(max-width: 640px) 100vw, 300px\" \/><\/span><\/div><div class=\"fusion-separator fusion-full-width-sep\" style=\"align-self: center;margin-left: auto;margin-right: auto;margin-top:10px;margin-bottom:10px;width:100%;\"><\/div><div class=\"fusion-text fusion-text-1\"><p>Spanesi projekteerib, arendab ja toodab tervet valikut keret\u00f6\u00f6kodade seadmeid. Oma \u00fclemaailmse kohaloleku, filiaalide ja suure turustusv\u00f5rguga on kaubam\u00e4rgil oma peakorteris eksklusiivne toimiv keret\u00f6\u00f6koda, kus k\u00f5iki tooteid testitakse ja t\u00e4iustatakse iga p\u00e4ev.<br \/>\nOrazio Spanesi, keretehnik, kellel on kirg t\u00f6\u00f6riistade vastu, asutas Spanesi 1969. aastal. Pidev p\u00fc\u00fcdlus tagada kvaliteetset teenust viis Orazio oma keret\u00f6\u00f6koja avamiseni. Seej\u00e4rel v\u00f5ttis ta sihiks seadmed, t\u00e4nu pikale kogemusele teadis Orazio t\u00e4pselt mida iga tehnik oma t\u00f6\u00f6kotta vajab . Spanesi missioon on lihtne: Spanesi ei paku t\u00f6\u00f6riistu, millega tehnikud peavad kohanema; valmistame t\u00f6\u00f6riistu, mis on kohandatud tehnikute vajadustele.<\/p>\n<\/div><\/div><\/div><div class=\"fusion-layout-column fusion_builder_column fusion-builder-column-1 fusion_builder_column_1_3 1_3 fusion-flex-column\" style=\"--awb-bg-size:cover;--awb-width-large:33.333333333333%;--awb-spacing-right-large:5.76%;--awb-spacing-left-large:5.76%;--awb-width-medium:33.333333333333%;--awb-order-medium:0;--awb-spacing-right-medium:5.76%;--awb-spacing-left-medium:5.76%;--awb-width-small:100%;--awb-order-small:0;--awb-spacing-right-small:1.92%;--awb-spacing-left-small:1.92%;\"><div class=\"fusion-column-wrapper fusion-column-has-shadow fusion-flex-justify-content-flex-start fusion-content-layout-column\"><div class=\"fusion-image-element \" style=\"text-align:center;\"><span class=\" fusion-imageframe imageframe-none imageframe-2 hover-type-none\"><img decoding=\"async\" width=\"214\" height=\"300\" title=\"Kuvat\u00f5mmis 2023-01-04 125147\" src=\"https:\/\/beta.dataliner.ee\/wp-content\/uploads\/2023\/01\/Kuvatommis-2023-01-04-125147-214x300.png\" alt class=\"img-responsive wp-image-388\" srcset=\"https:\/\/beta.dataliner.ee\/wp-content\/uploads\/2023\/01\/Kuvatommis-2023-01-04-125147-200x281.png 200w, https:\/\/beta.dataliner.ee\/wp-content\/uploads\/2023\/01\/Kuvatommis-2023-01-04-125147-400x561.png 400w, https:\/\/beta.dataliner.ee\/wp-content\/uploads\/2023\/01\/Kuvatommis-2023-01-04-125147.png 598w\" sizes=\"(max-width: 640px) 100vw, 400px\" \/><\/span><\/div><div class=\"fusion-separator fusion-full-width-sep\" style=\"align-self: center;margin-left: auto;margin-right: auto;margin-top:10px;margin-bottom:10px;width:100%;\"><\/div><div style=\"text-align:center;\"><a class=\"fusion-button button-flat fusion-button-default-size button-default fusion-button-default button-1 fusion-button-default-span fusion-button-default-type\" target=\"_self\" href=\"https:\/\/www.spanesi.com\/media\/prodotti\/Small%20Damage\/Mini%20bench\/Spanesi_MiniBenches_Lifts.pdf\"><span class=\"fusion-button-text\">Loe lisa<\/span><\/a><\/div><\/div><\/div><div class=\"fusion-layout-column fusion_builder_column fusion-builder-column-2 fusion_builder_column_1_3 1_3 fusion-flex-column\" style=\"--awb-bg-size:cover;--awb-width-large:33.333333333333%;--awb-spacing-right-large:5.76%;--awb-spacing-left-large:5.76%;--awb-width-medium:33.333333333333%;--awb-order-medium:0;--awb-spacing-right-medium:5.76%;--awb-spacing-left-medium:5.76%;--awb-width-small:100%;--awb-order-small:0;--awb-spacing-right-small:1.92%;--awb-spacing-left-small:1.92%;\"><div class=\"fusion-column-wrapper fusion-column-has-shadow fusion-flex-justify-content-flex-start fusion-content-layout-column\"><div class=\"fusion-image-element \" style=\"text-align:center;\"><span class=\" fusion-imageframe imageframe-none imageframe-3 hover-type-none\"><img decoding=\"async\" width=\"214\" height=\"300\" title=\"Kuvat\u00f5mmis 2023-01-04 125435\" src=\"https:\/\/beta.dataliner.ee\/wp-content\/uploads\/2023\/01\/Kuvatommis-2023-01-04-125435-e1672829820319-214x300.png\" alt class=\"img-responsive wp-image-390\" srcset=\"https:\/\/beta.dataliner.ee\/wp-content\/uploads\/2023\/01\/Kuvatommis-2023-01-04-125435-e1672829820319-200x281.png 200w, https:\/\/beta.dataliner.ee\/wp-content\/uploads\/2023\/01\/Kuvatommis-2023-01-04-125435-e1672829820319-400x561.png 400w, https:\/\/beta.dataliner.ee\/wp-content\/uploads\/2023\/01\/Kuvatommis-2023-01-04-125435-e1672829820319.png 596w\" sizes=\"(max-width: 640px) 100vw, 400px\" \/><\/span><\/div><div class=\"fusion-separator fusion-full-width-sep\" style=\"align-self: center;margin-left: auto;margin-right: auto;margin-top:10px;margin-bottom:10px;width:100%;\"><\/div><div style=\"text-align:center;\"><a class=\"fusion-button button-flat fusion-button-default-size button-default fusion-button-default button-2 fusion-button-default-span fusion-button-default-type\" target=\"_self\" href=\"https:\/\/www.spanesi.com\/media\/prodotti\/Damage%20Diagnostics\/Touch\/Spanesi_Electronic_Measuring_Systems.pdf\"><span class=\"fusion-button-text\">Loe lisa<\/span><\/a><\/div><\/div><\/div><div class=\"fusion-layout-column fusion_builder_column fusion-builder-column-3 fusion_builder_column_1_3 1_3 fusion-flex-column\" style=\"--awb-bg-size:cover;--awb-width-large:33.333333333333%;--awb-spacing-right-large:5.76%;--awb-spacing-left-large:5.76%;--awb-width-medium:33.333333333333%;--awb-order-medium:0;--awb-spacing-right-medium:5.76%;--awb-spacing-left-medium:5.76%;--awb-width-small:100%;--awb-order-small:0;--awb-spacing-right-small:1.92%;--awb-spacing-left-small:1.92%;\"><div class=\"fusion-column-wrapper fusion-column-has-shadow fusion-flex-justify-content-flex-start fusion-content-layout-column\"><div class=\"fusion-image-element \" style=\"text-align:center;\"><span class=\" fusion-imageframe imageframe-none imageframe-4 hover-type-none\"><img decoding=\"async\" width=\"212\" height=\"300\" title=\"Kuvat\u00f5mmis 2023-01-04 130031\" src=\"https:\/\/beta.dataliner.ee\/wp-content\/uploads\/2023\/01\/Kuvatommis-2023-01-04-130031-212x300.png\" alt class=\"img-responsive wp-image-391\" srcset=\"https:\/\/beta.dataliner.ee\/wp-content\/uploads\/2023\/01\/Kuvatommis-2023-01-04-130031-200x283.png 200w, https:\/\/beta.dataliner.ee\/wp-content\/uploads\/2023\/01\/Kuvatommis-2023-01-04-130031-400x566.png 400w, https:\/\/beta.dataliner.ee\/wp-content\/uploads\/2023\/01\/Kuvatommis-2023-01-04-130031.png 595w\" sizes=\"(max-width: 640px) 100vw, 400px\" \/><\/span><\/div><div class=\"fusion-separator fusion-full-width-sep\" style=\"align-self: center;margin-left: auto;margin-right: auto;margin-top:10px;margin-bottom:10px;width:100%;\"><\/div><div style=\"text-align:center;\"><a class=\"fusion-button button-flat fusion-button-default-size button-default fusion-button-default button-3 fusion-button-default-span fusion-button-default-type\" target=\"_self\" href=\"https:\/\/www.spanesi.com\/media\/prodotti\/Large%20Damage\/100%20Series\/Spanesi_Straightening_Benches.pdf\"><span class=\"fusion-button-text\">Loe lisa<\/span><\/a><\/div><\/div><\/div><div class=\"fusion-layout-column fusion_builder_column fusion-builder-column-4 fusion_builder_column_1_3 1_3 fusion-flex-column\" style=\"--awb-bg-size:cover;--awb-width-large:33.333333333333%;--awb-spacing-right-large:5.76%;--awb-spacing-left-large:5.76%;--awb-width-medium:33.333333333333%;--awb-order-medium:0;--awb-spacing-right-medium:5.76%;--awb-spacing-left-medium:5.76%;--awb-width-small:100%;--awb-order-small:0;--awb-spacing-right-small:1.92%;--awb-spacing-left-small:1.92%;\"><div class=\"fusion-column-wrapper fusion-column-has-shadow fusion-flex-justify-content-flex-start fusion-content-layout-column\"><div class=\"fusion-image-element \" style=\"text-align:center;\"><span class=\" fusion-imageframe imageframe-none imageframe-5 hover-type-none\"><img decoding=\"async\" width=\"231\" height=\"300\" title=\"Kuvat\u00f5mmis 2023-01-04 131444\" src=\"https:\/\/beta.dataliner.ee\/wp-content\/uploads\/2023\/01\/Kuvatommis-2023-01-04-131444-231x300.png\" alt class=\"img-responsive wp-image-399\" srcset=\"https:\/\/beta.dataliner.ee\/wp-content\/uploads\/2023\/01\/Kuvatommis-2023-01-04-131444-200x259.png 200w, https:\/\/beta.dataliner.ee\/wp-content\/uploads\/2023\/01\/Kuvatommis-2023-01-04-131444-400x519.png 400w, https:\/\/beta.dataliner.ee\/wp-content\/uploads\/2023\/01\/Kuvatommis-2023-01-04-131444-600x778.png 600w, https:\/\/beta.dataliner.ee\/wp-content\/uploads\/2023\/01\/Kuvatommis-2023-01-04-131444.png 632w\" sizes=\"(max-width: 640px) 100vw, 400px\" \/><\/span><\/div><div class=\"fusion-separator fusion-full-width-sep\" style=\"align-self: center;margin-left: auto;margin-right: auto;margin-top:10px;margin-bottom:10px;width:100%;\"><\/div><div style=\"text-align:center;\"><a class=\"fusion-button button-flat fusion-button-default-size button-default fusion-button-default button-4 fusion-button-default-span fusion-button-default-type\" target=\"_self\" href=\"https:\/\/www.spanesi.com\/media\/prodotti\/Large%20Damage\/Multibench\/Spanesi-Multibench-EN.pdf\"><span class=\"fusion-button-text\">Loe lisa<\/span><\/a><\/div><\/div><\/div><div class=\"fusion-layout-column fusion_builder_column fusion-builder-column-5 fusion_builder_column_1_3 1_3 fusion-flex-column\" style=\"--awb-bg-size:cover;--awb-width-large:33.333333333333%;--awb-spacing-right-large:5.76%;--awb-spacing-left-large:5.76%;--awb-width-medium:33.333333333333%;--awb-order-medium:0;--awb-spacing-right-medium:5.76%;--awb-spacing-left-medium:5.76%;--awb-width-small:100%;--awb-order-small:0;--awb-spacing-right-small:1.92%;--awb-spacing-left-small:1.92%;\"><div class=\"fusion-column-wrapper fusion-column-has-shadow fusion-flex-justify-content-flex-start fusion-content-layout-column\"><div class=\"fusion-image-element \" style=\"text-align:center;\"><span class=\" fusion-imageframe imageframe-none imageframe-6 hover-type-none\"><img decoding=\"async\" width=\"211\" height=\"300\" title=\"Kuvat\u00f5mmis 2023-01-04 131054\" src=\"https:\/\/beta.dataliner.ee\/wp-content\/uploads\/2023\/01\/Kuvatommis-2023-01-04-131054-211x300.png\" alt class=\"img-responsive wp-image-397\" srcset=\"https:\/\/beta.dataliner.ee\/wp-content\/uploads\/2023\/01\/Kuvatommis-2023-01-04-131054-200x284.png 200w, https:\/\/beta.dataliner.ee\/wp-content\/uploads\/2023\/01\/Kuvatommis-2023-01-04-131054-400x568.png 400w, https:\/\/beta.dataliner.ee\/wp-content\/uploads\/2023\/01\/Kuvatommis-2023-01-04-131054.png 592w\" sizes=\"(max-width: 640px) 100vw, 400px\" \/><\/span><\/div><div class=\"fusion-separator fusion-full-width-sep\" style=\"align-self: center;margin-left: auto;margin-right: auto;margin-top:10px;margin-bottom:10px;width:100%;\"><\/div><div style=\"text-align:center;\"><a class=\"fusion-button button-flat fusion-button-default-size button-default fusion-button-default button-5 fusion-button-default-span fusion-button-default-type\" target=\"_self\" href=\"https:\/\/www.spanesi.com\/media\/prodotti\/Large%20Damage\/Daytona\/Spanesi_Daytona_EN.pdf\"><span class=\"fusion-button-text\">Loe lisa<\/span><\/a><\/div><\/div><\/div><div class=\"fusion-layout-column fusion_builder_column fusion-builder-column-6 fusion_builder_column_1_3 1_3 fusion-flex-column\" style=\"--awb-bg-size:cover;--awb-width-large:33.333333333333%;--awb-spacing-right-large:5.76%;--awb-spacing-left-large:5.76%;--awb-width-medium:33.333333333333%;--awb-order-medium:0;--awb-spacing-right-medium:5.76%;--awb-spacing-left-medium:5.76%;--awb-width-small:100%;--awb-order-small:0;--awb-spacing-right-small:1.92%;--awb-spacing-left-small:1.92%;\"><div class=\"fusion-column-wrapper fusion-column-has-shadow fusion-flex-justify-content-flex-start fusion-content-layout-column\"><div class=\"fusion-image-element \" style=\"text-align:center;\"><span class=\" fusion-imageframe imageframe-none imageframe-7 hover-type-none\"><img decoding=\"async\" width=\"300\" height=\"214\" title=\"Kuvat\u00f5mmis 2023-01-04 130551\" src=\"https:\/\/beta.dataliner.ee\/wp-content\/uploads\/2023\/01\/Kuvatommis-2023-01-04-130551-300x214.png\" alt class=\"img-responsive wp-image-395\" srcset=\"https:\/\/beta.dataliner.ee\/wp-content\/uploads\/2023\/01\/Kuvatommis-2023-01-04-130551-200x142.png 200w, https:\/\/beta.dataliner.ee\/wp-content\/uploads\/2023\/01\/Kuvatommis-2023-01-04-130551-400x285.png 400w, https:\/\/beta.dataliner.ee\/wp-content\/uploads\/2023\/01\/Kuvatommis-2023-01-04-130551-600x427.png 600w, https:\/\/beta.dataliner.ee\/wp-content\/uploads\/2023\/01\/Kuvatommis-2023-01-04-130551-800x570.png 800w, https:\/\/beta.dataliner.ee\/wp-content\/uploads\/2023\/01\/Kuvatommis-2023-01-04-130551.png 946w\" sizes=\"(max-width: 640px) 100vw, 400px\" \/><\/span><\/div><div class=\"fusion-separator fusion-full-width-sep\" style=\"align-self: center;margin-left: auto;margin-right: auto;margin-top:10px;margin-bottom:10px;width:100%;\"><\/div><div style=\"text-align:center;\"><a class=\"fusion-button button-flat fusion-button-default-size button-default fusion-button-default button-6 fusion-button-default-span fusion-button-default-type\" target=\"_self\" href=\"https:\/\/www.spanesi.com\/media\/prodotti\/Painting\/Spanesi_Spray_Booths.pdf\"><span class=\"fusion-button-text\">Loe lisa<\/span><\/a><\/div><\/div><\/div><div class=\"fusion-layout-column fusion_builder_column fusion-builder-column-7 fusion_builder_column_1_3 1_3 fusion-flex-column\" style=\"--awb-bg-size:cover;--awb-width-large:33.333333333333%;--awb-spacing-right-large:5.76%;--awb-spacing-left-large:5.76%;--awb-width-medium:33.333333333333%;--awb-order-medium:0;--awb-spacing-right-medium:5.76%;--awb-spacing-left-medium:5.76%;--awb-width-small:100%;--awb-order-small:0;--awb-spacing-right-small:1.92%;--awb-spacing-left-small:1.92%;\"><div class=\"fusion-column-wrapper fusion-column-has-shadow fusion-flex-justify-content-flex-start fusion-content-layout-column\"><div class=\"fusion-image-element \" style=\"text-align:center;\"><span class=\" fusion-imageframe imageframe-none imageframe-8 hover-type-none\"><img decoding=\"async\" width=\"300\" height=\"213\" title=\"Kuvat\u00f5mmis 2023-01-04 130807\" src=\"https:\/\/beta.dataliner.ee\/wp-content\/uploads\/2023\/01\/Kuvatommis-2023-01-04-130807-e1672830538132-300x213.png\" alt class=\"img-responsive wp-image-396\" srcset=\"https:\/\/beta.dataliner.ee\/wp-content\/uploads\/2023\/01\/Kuvatommis-2023-01-04-130807-e1672830538132-200x142.png 200w, https:\/\/beta.dataliner.ee\/wp-content\/uploads\/2023\/01\/Kuvatommis-2023-01-04-130807-e1672830538132-400x284.png 400w, https:\/\/beta.dataliner.ee\/wp-content\/uploads\/2023\/01\/Kuvatommis-2023-01-04-130807-e1672830538132-600x426.png 600w, https:\/\/beta.dataliner.ee\/wp-content\/uploads\/2023\/01\/Kuvatommis-2023-01-04-130807-e1672830538132-800x567.png 800w, https:\/\/beta.dataliner.ee\/wp-content\/uploads\/2023\/01\/Kuvatommis-2023-01-04-130807-e1672830538132.png 1183w\" sizes=\"(max-width: 640px) 100vw, 400px\" \/><\/span><\/div><div class=\"fusion-separator fusion-full-width-sep\" style=\"align-self: center;margin-left: auto;margin-right: auto;margin-top:10px;margin-bottom:10px;width:100%;\"><\/div><div style=\"text-align:center;\"><a class=\"fusion-button button-flat fusion-button-default-size button-default fusion-button-default button-7 fusion-button-default-span fusion-button-default-type\" target=\"_self\" href=\"https:\/\/www.spanesi.com\/media\/prodotti\/Vacuum\/Vacuum.pdf\"><span class=\"fusion-button-text\">Loe lisa<\/span><\/a><\/div><\/div><\/div><div class=\"fusion-layout-column fusion_builder_column fusion-builder-column-8 fusion_builder_column_1_3 1_3 fusion-flex-column\" style=\"--awb-bg-size:cover;--awb-width-large:33.333333333333%;--awb-spacing-right-large:5.76%;--awb-spacing-left-large:5.76%;--awb-width-medium:33.333333333333%;--awb-order-medium:0;--awb-spacing-right-medium:5.76%;--awb-spacing-left-medium:5.76%;--awb-width-small:100%;--awb-order-small:0;--awb-spacing-right-small:1.92%;--awb-spacing-left-small:1.92%;\"><div class=\"fusion-column-wrapper fusion-column-has-shadow fusion-flex-justify-content-flex-start fusion-content-layout-column\"><\/div><\/div><div class=\"fusion-layout-column fusion_builder_column fusion-builder-column-9 fusion_builder_column_1_3 1_3 fusion-flex-column\" style=\"--awb-bg-size:cover;--awb-width-large:33.333333333333%;--awb-spacing-right-large:5.76%;--awb-spacing-left-large:5.76%;--awb-width-medium:33.333333333333%;--awb-order-medium:0;--awb-spacing-right-medium:5.76%;--awb-spacing-left-medium:5.76%;--awb-width-small:100%;--awb-order-small:0;--awb-spacing-right-small:1.92%;--awb-spacing-left-small:1.92%;\"><div class=\"fusion-column-wrapper fusion-column-has-shadow fusion-flex-justify-content-flex-start fusion-content-layout-column\"><\/div><\/div><\/div><\/div>\n","protected":false},"excerpt":{"rendered":"","protected":false},"author":6,"featured_media":0,"parent":0,"menu_order":0,"comment_status":"closed","ping_status":"closed","template":"100-width.php","meta":{"footnotes":""},"class_list":["post-387","page","type-page","status-publish","hentry"],"yoast_head":"<!-- This site is optimized with the Yoast SEO plugin v20.0 - https:\/\/yoast.com\/wordpress\/plugins\/seo\/ -->\n<title>SPANESI - Dataliner<\/title>\n<meta name=\"robots\" content=\"index, follow, max-snippet:-1, max-image-preview:large, max-video-preview:-1\" \/>\n<link rel=\"canonical\" href=\"https:\/\/beta.dataliner.ee\/?page_id=387\" \/>\n<meta property=\"og:locale\" content=\"et_EE\" \/>\n<meta property=\"og:type\" content=\"article\" \/>\n<meta property=\"og:title\" content=\"SPANESI - Dataliner\" \/>\n<meta property=\"og:url\" content=\"https:\/\/beta.dataliner.ee\/?page_id=387\" \/>\n<meta property=\"og:site_name\" content=\"Dataliner\" \/>\n<meta name=\"twitter:card\" content=\"summary_large_image\" \/>\n<meta name=\"twitter:label1\" content=\"Est. reading time\" \/>\n\t<meta name=\"twitter:data1\" content=\"38 minutit\" \/>\n<script type=\"application\/ld+json\" class=\"yoast-schema-graph\">{\"@context\":\"https:\/\/schema.org\",\"@graph\":[{\"@type\":\"WebPage\",\"@id\":\"https:\/\/beta.dataliner.ee\/?page_id=387\",\"url\":\"https:\/\/beta.dataliner.ee\/?page_id=387\",\"name\":\"SPANESI - Dataliner\",\"isPartOf\":{\"@id\":\"https:\/\/beta.dataliner.ee\/#website\"},\"datePublished\":\"2023-01-04T11:20:28+00:00\",\"dateModified\":\"2023-01-04T11:20:28+00:00\",\"breadcrumb\":{\"@id\":\"https:\/\/beta.dataliner.ee\/?page_id=387#breadcrumb\"},\"inLanguage\":\"et\",\"potentialAction\":[{\"@type\":\"ReadAction\",\"target\":[\"https:\/\/beta.dataliner.ee\/?page_id=387\"]}]},{\"@type\":\"BreadcrumbList\",\"@id\":\"https:\/\/beta.dataliner.ee\/?page_id=387#breadcrumb\",\"itemListElement\":[{\"@type\":\"ListItem\",\"position\":1,\"name\":\"Kodu\",\"item\":\"https:\/\/beta.dataliner.ee\/\"},{\"@type\":\"ListItem\",\"position\":2,\"name\":\"SPANESI\"}]},{\"@type\":\"WebSite\",\"@id\":\"https:\/\/beta.dataliner.ee\/#website\",\"url\":\"https:\/\/beta.dataliner.ee\/\",\"name\":\"Dataliner\",\"description\":\"\",\"publisher\":{\"@id\":\"https:\/\/beta.dataliner.ee\/#organization\"},\"potentialAction\":[{\"@type\":\"SearchAction\",\"target\":{\"@type\":\"EntryPoint\",\"urlTemplate\":\"https:\/\/beta.dataliner.ee\/?s={search_term_string}\"},\"query-input\":\"required name=search_term_string\"}],\"inLanguage\":\"et\"},{\"@type\":\"Organization\",\"@id\":\"https:\/\/beta.dataliner.ee\/#organization\",\"name\":\"Dataliner\",\"url\":\"https:\/\/beta.dataliner.ee\/\",\"logo\":{\"@type\":\"ImageObject\",\"inLanguage\":\"et\",\"@id\":\"https:\/\/beta.dataliner.ee\/#\/schema\/logo\/image\/\",\"url\":\"https:\/\/beta.dataliner.ee\/wp-content\/uploads\/2022\/01\/cropped-dataliner-logo.png\",\"contentUrl\":\"https:\/\/beta.dataliner.ee\/wp-content\/uploads\/2022\/01\/cropped-dataliner-logo.png\",\"width\":240,\"height\":102,\"caption\":\"Dataliner\"},\"image\":{\"@id\":\"https:\/\/beta.dataliner.ee\/#\/schema\/logo\/image\/\"}}]}<\/script>\n<!-- \/ Yoast SEO plugin. -->","yoast_head_json":{"title":"SPANESI - Dataliner","robots":{"index":"index","follow":"follow","max-snippet":"max-snippet:-1","max-image-preview":"max-image-preview:large","max-video-preview":"max-video-preview:-1"},"canonical":"https:\/\/beta.dataliner.ee\/?page_id=387","og_locale":"et_EE","og_type":"article","og_title":"SPANESI - Dataliner","og_url":"https:\/\/beta.dataliner.ee\/?page_id=387","og_site_name":"Dataliner","twitter_card":"summary_large_image","twitter_misc":{"Est. reading time":"38 minutit"},"schema":{"@context":"https:\/\/schema.org","@graph":[{"@type":"WebPage","@id":"https:\/\/beta.dataliner.ee\/?page_id=387","url":"https:\/\/beta.dataliner.ee\/?page_id=387","name":"SPANESI - Dataliner","isPartOf":{"@id":"https:\/\/beta.dataliner.ee\/#website"},"datePublished":"2023-01-04T11:20:28+00:00","dateModified":"2023-01-04T11:20:28+00:00","breadcrumb":{"@id":"https:\/\/beta.dataliner.ee\/?page_id=387#breadcrumb"},"inLanguage":"et","potentialAction":[{"@type":"ReadAction","target":["https:\/\/beta.dataliner.ee\/?page_id=387"]}]},{"@type":"BreadcrumbList","@id":"https:\/\/beta.dataliner.ee\/?page_id=387#breadcrumb","itemListElement":[{"@type":"ListItem","position":1,"name":"Kodu","item":"https:\/\/beta.dataliner.ee\/"},{"@type":"ListItem","position":2,"name":"SPANESI"}]},{"@type":"WebSite","@id":"https:\/\/beta.dataliner.ee\/#website","url":"https:\/\/beta.dataliner.ee\/","name":"Dataliner","description":"","publisher":{"@id":"https:\/\/beta.dataliner.ee\/#organization"},"potentialAction":[{"@type":"SearchAction","target":{"@type":"EntryPoint","urlTemplate":"https:\/\/beta.dataliner.ee\/?s={search_term_string}"},"query-input":"required name=search_term_string"}],"inLanguage":"et"},{"@type":"Organization","@id":"https:\/\/beta.dataliner.ee\/#organization","name":"Dataliner","url":"https:\/\/beta.dataliner.ee\/","logo":{"@type":"ImageObject","inLanguage":"et","@id":"https:\/\/beta.dataliner.ee\/#\/schema\/logo\/image\/","url":"https:\/\/beta.dataliner.ee\/wp-content\/uploads\/2022\/01\/cropped-dataliner-logo.png","contentUrl":"https:\/\/beta.dataliner.ee\/wp-content\/uploads\/2022\/01\/cropped-dataliner-logo.png","width":240,"height":102,"caption":"Dataliner"},"image":{"@id":"https:\/\/beta.dataliner.ee\/#\/schema\/logo\/image\/"}}]}},"_links":{"self":[{"href":"https:\/\/beta.dataliner.ee\/index.php?rest_route=\/wp\/v2\/pages\/387","targetHints":{"allow":["GET"]}}],"collection":[{"href":"https:\/\/beta.dataliner.ee\/index.php?rest_route=\/wp\/v2\/pages"}],"about":[{"href":"https:\/\/beta.dataliner.ee\/index.php?rest_route=\/wp\/v2\/types\/page"}],"author":[{"embeddable":true,"href":"https:\/\/beta.dataliner.ee\/index.php?rest_route=\/wp\/v2\/users\/6"}],"replies":[{"embeddable":true,"href":"https:\/\/beta.dataliner.ee\/index.php?rest_route=%2Fwp%2Fv2%2Fcomments&post=387"}],"version-history":[{"count":7,"href":"https:\/\/beta.dataliner.ee\/index.php?rest_route=\/wp\/v2\/pages\/387\/revisions"}],"predecessor-version":[{"id":401,"href":"https:\/\/beta.dataliner.ee\/index.php?rest_route=\/wp\/v2\/pages\/387\/revisions\/401"}],"wp:attachment":[{"href":"https:\/\/beta.dataliner.ee\/index.php?rest_route=%2Fwp%2Fv2%2Fmedia&parent=387"}],"curies":[{"name":"wp","href":"https:\/\/api.w.org\/{rel}","templated":true}]}}